{"id":17,"date":"2018-02-28T20:43:50","date_gmt":"2018-02-28T19:43:50","guid":{"rendered":"http:\/\/www.sivomdes3vallees.fr\/?page_id=17"},"modified":"2025-10-23T17:59:01","modified_gmt":"2025-10-23T15:59:01","slug":"allo","status":"publish","type":"page","link":"https:\/\/www.sivomdes3vallees.fr\/index.php\/allo\/","title":{"rendered":"Allo !"},"content":{"rendered":"<h3>SIVOM DES 3 VALL\u00c9ES<\/h3>\n<p>&nbsp;<\/p>\n<h3><\/h3>\n<h3><img loading=\"lazy\" decoding=\"async\" class=\"\" src=\"https:\/\/cdn-icons-png.flaticon.com\/512\/5758\/5758454.png\" alt=\"Carte et localisation - Ic\u00f4nes panneaux gratuites\" width=\"42\" height=\"42\" \/><strong>Adresse\u00a0<\/strong><\/h3>\n<h3><span style=\"color: #ffe38b;\"><strong>Ch\u00e2teau de Bellemaist, 92 Route de Cabourg<\/strong><\/span><br \/>\n<span style=\"color: #ffe38b;\"><strong>14120 Mondeville<\/strong><\/span><\/h3>\n<h3><img loading=\"lazy\" decoding=\"async\" class=\"\" src=\"https:\/\/encrypted-tbn0.gstatic.com\/images?q=tbn:ANd9GcT-XjMa_Go_r0ZNQGHYNQNCTXcRUqDrvAah4Eyas1QIuUSvMki-SzNSnduMArFx9Pw0hRQ&amp;usqp=CAU\" alt=\"Icone Telephone PNG pour t\u00e9l\u00e9chargement gratuit\" width=\"42\" height=\"42\" \/><strong>T\u00e9l\u00e9phone<\/strong><\/h3>\n<h3><span style=\"color: #ffe38b;\"><strong>0231340154<\/strong><\/span><\/h3>\n<h3><img loading=\"lazy\" decoding=\"async\" class=\"\" src=\"https:\/\/media.istockphoto.com\/id\/1129171114\/fr\/vectoriel\/ic%C3%B4ne-de-courrier-%C3%A9lectronique-sur-fond-blanc.jpg?s=612x612&amp;w=0&amp;k=20&amp;c=_WfMJZVDpyYptCgferIuMOrdRwWfcGPtVFIJWv9sxUI=\" alt=\"23 000+ Arobase Photos, taleaux et images libre de droits - iStock | Internet, Ordinateur, Web\" width=\"48\" height=\"48\" \/><strong>Email<\/strong><\/h3>\n<h3><span style=\"color: #ffe38b;\"><strong>secretariat@sivomdes3vallees.fr<\/strong><\/span><\/h3>\n<h3><img loading=\"lazy\" decoding=\"async\" class=\"\" src=\"https:\/\/cdn-icons-png.flaticon.com\/512\/66\/66166.png\" alt=\"Rotation horaire - Ic\u00f4nes interface gratuites\" width=\"29\" height=\"29\" \/>Horaires d&rsquo;ouverture<\/h3>\n<h3><span style=\"color: #ffe38b;\"><strong>Du Lundi au Vendredi 8h30 \u00e0 12h30 et de 13h15 \u00e0 17h00<\/strong><\/span><\/h3>\n","protected":false},"excerpt":{"rendered":"<p>SIVOM DES 3 VALL\u00c9ES &nbsp; Adresse\u00a0 Ch\u00e2teau de Bellemaist, 92 Route de Cabourg 14120 Mondeville T\u00e9l\u00e9phone 0231340154 Email secretariat@sivomdes3vallees.fr Horaires d&rsquo;ouverture Du Lundi au Vendredi 8h30 \u00e0 12h30 et de [&hellip;]<\/p>\n","protected":false},"author":4,"featured_media":132,"parent":0,"menu_order":60,"comment_status":"closed","ping_status":"closed","template":"","meta":{"footnotes":""},"class_list":["post-17","page","type-page","status-publish","has-post-thumbnail","hentry"],"_links":{"self":[{"href":"https:\/\/www.sivomdes3vallees.fr\/index.php\/wp-json\/wp\/v2\/pages\/17","targetHints":{"allow":["GET"]}}],"collection":[{"href":"https:\/\/www.sivomdes3vallees.fr\/index.php\/wp-json\/wp\/v2\/pages"}],"about":[{"href":"https:\/\/www.sivomdes3vallees.fr\/index.php\/wp-json\/wp\/v2\/types\/page"}],"author":[{"embeddable":true,"href":"https:\/\/www.sivomdes3vallees.fr\/index.php\/wp-json\/wp\/v2\/users\/4"}],"replies":[{"embeddable":true,"href":"https:\/\/www.sivomdes3vallees.fr\/index.php\/wp-json\/wp\/v2\/comments?post=17"}],"version-history":[{"count":24,"href":"https:\/\/www.sivomdes3vallees.fr\/index.php\/wp-json\/wp\/v2\/pages\/17\/revisions"}],"predecessor-version":[{"id":7453,"href":"https:\/\/www.sivomdes3vallees.fr\/index.php\/wp-json\/wp\/v2\/pages\/17\/revisions\/7453"}],"wp:featuredmedia":[{"embeddable":true,"href":"https:\/\/www.sivomdes3vallees.fr\/index.php\/wp-json\/wp\/v2\/media\/132"}],"wp:attachment":[{"href":"https:\/\/www.sivomdes3vallees.fr\/index.php\/wp-json\/wp\/v2\/media?parent=17"}],"curies":[{"name":"wp","href":"https:\/\/api.w.org\/{rel}","templated":true}]}}