{"id":21,"date":"2018-02-28T20:46:03","date_gmt":"2018-02-28T19:46:03","guid":{"rendered":"http:\/\/www.sivomdes3vallees.fr\/?page_id=21"},"modified":"2020-07-10T13:43:25","modified_gmt":"2020-07-10T11:43:25","slug":"historique","status":"publish","type":"page","link":"https:\/\/www.sivomdes3vallees.fr\/index.php\/historique\/","title":{"rendered":"Historique"},"content":{"rendered":"<div class=\"flex_column av_three_fourth  flex_column_div av-zero-column-padding first  avia-builder-el-0  el_before_av_hr  avia-builder-el-first  \" style='border-radius:0px; '><div  class='av-hotspot-image-container   avia_animated_image avia_animate_when_almost_visible fade-in av-hotspot-blank   avia-builder-el-1  avia-builder-el-no-sibling  av-non-fullwidth-hotspot-image'  itemprop=\"image\" itemscope=\"itemscope\" itemtype=\"https:\/\/schema.org\/ImageObject\" ><div class='av-hotspot-container'><div class='av-hotspot-container-inner-cell'><div class='av-hotspot-container-inner-wrap'><div class='av-image-hotspot av-image-hotspot-1 ' data-avia-tooltip-position='left' data-avia-tooltip-alignment='top' data-avia-tooltip-class='av-tt-default-width av-tt-pos-left av-tt-align-top  main_color av-tt-hotspot' data-avia-tooltip='&lt;p&gt;&lt;img class=&quot;alignnone wp-image-160&quot; src=&quot;https:\/\/www.sivomdes3vallees.fr\/wp-content\/uploads\/LOGO-COLOMBELLES.jpg&quot; alt=&quot;&quot; width=&quot;304&quot; height=&quot;228&quot; \/&gt;&lt;\/p&gt;\n' style='top: 37.7%; left: 54.7%; '><a href=\"http:\/\/www.colombelles.fr\/\" target=\"_blank\" rel=\"noopener noreferrer\" class='av-image-hotspot_inner' style=' '>1<\/a><div class='av-image-hotspot-pulse' ><\/div><\/div><div class='av-image-hotspot av-image-hotspot-2 ' data-avia-tooltip-position='left' data-avia-tooltip-alignment='top' data-avia-tooltip-class='av-tt-default-width av-tt-pos-left av-tt-align-top  main_color av-tt-hotspot' data-avia-tooltip='&lt;p&gt;&lt;img class=&quot;alignnone size-medium wp-image-161&quot; src=&quot;https:\/\/www.sivomdes3vallees.fr\/wp-content\/uploads\/logoCORMELLELEROYAL-204x300.jpg&quot; alt=&quot;&quot; width=&quot;204&quot; height=&quot;300&quot; \/&gt;&lt;\/p&gt;\n' style='top: 71.1%; left: 35.9%; '><a href=\"http:\/\/www.ville-de-cormelles-le-royal.fr\" target=\"_blank\" rel=\"noopener noreferrer\" class='av-image-hotspot_inner' style=' '>2<\/a><div class='av-image-hotspot-pulse' ><\/div><\/div><div class='av-image-hotspot av-image-hotspot-3 ' data-avia-tooltip-position='left' data-avia-tooltip-alignment='top' data-avia-tooltip-class='av-tt-default-width av-tt-pos-left av-tt-align-top  main_color av-tt-hotspot' data-avia-tooltip='&lt;p&gt;&lt;img class=&quot;alignnone size-medium wp-image-162&quot; src=&quot;https:\/\/www.sivomdes3vallees.fr\/wp-content\/uploads\/LOGOCUVERVILLE-236x300.jpg&quot; alt=&quot;&quot; width=&quot;236&quot; height=&quot;300&quot; \/&gt;&lt;\/p&gt;\n' style='top: 44.6%; left: 67.6%; '><a href=\"http:\/\/www.cuverville.fr\/\" target=\"_blank\" rel=\"noopener noreferrer\" class='av-image-hotspot_inner' style=' '>3<\/a><div class='av-image-hotspot-pulse' ><\/div><\/div><div class='av-image-hotspot av-image-hotspot-4 ' data-avia-tooltip-position='left' data-avia-tooltip-alignment='top' data-avia-tooltip-class='av-tt-default-width av-tt-pos-left av-tt-align-top  main_color av-tt-hotspot' data-avia-tooltip='&lt;p&gt;&lt;img class=&quot;alignnone size-medium wp-image-163&quot; src=&quot;https:\/\/www.sivomdes3vallees.fr\/wp-content\/uploads\/LOGOGIBERVILLE-272x300.png&quot; alt=&quot;&quot; width=&quot;272&quot; height=&quot;300&quot; \/&gt;&lt;\/p&gt;\n' style='top: 60.9%; left: 58.8%; '><a href=\"http:\/\/www.giberville.fr\/\" target=\"_blank\" rel=\"noopener noreferrer\" class='av-image-hotspot_inner' style=' '>4<\/a><div class='av-image-hotspot-pulse' ><\/div><\/div><div class='av-image-hotspot av-image-hotspot-5 ' data-avia-tooltip-position='left' data-avia-tooltip-alignment='top' data-avia-tooltip-class='av-tt-default-width av-tt-pos-left av-tt-align-top  main_color av-tt-hotspot' data-avia-tooltip='&lt;p&gt;&lt;img class=&quot;alignnone size-medium wp-image-404&quot; src=&quot;https:\/\/www.sivomdes3vallees.fr\/wp-content\/uploads\/LOGOMONDEVILLE-1-300x300.jpg&quot; alt=&quot;&quot; width=&quot;300&quot; height=&quot;300&quot; \/&gt;&lt;\/p&gt;\n' style='top: 60.2%; left: 44.7%; '><a href=\"http:\/\/www.mondeville.fr\" target=\"_blank\" rel=\"noopener noreferrer\" class='av-image-hotspot_inner' style=' '>5<\/a><div class='av-image-hotspot-pulse' ><\/div><\/div><img decoding=\"async\" class='wp-image-125 avia-img-lazy-loading-not-125 avia_image' src=\"https:\/\/www.sivomdes3vallees.fr\/wp-content\/uploads\/cartecommunesSIVOS3VALLEES.jpg\" alt='' title='cartecommunesSIVOS3VALLEES'  height=\"734\" width=\"850\"  itemprop=\"thumbnailUrl\" srcset=\"https:\/\/www.sivomdes3vallees.fr\/wp-content\/uploads\/cartecommunesSIVOS3VALLEES.jpg 850w, https:\/\/www.sivomdes3vallees.fr\/wp-content\/uploads\/cartecommunesSIVOS3VALLEES-300x259.jpg 300w, https:\/\/www.sivomdes3vallees.fr\/wp-content\/uploads\/cartecommunesSIVOS3VALLEES-768x663.jpg 768w\" sizes=\"(max-width: 850px) 100vw, 850px\" \/><\/div><\/div><\/div><\/div><\/div>\n<div   class='hr hr-default   avia-builder-el-2  el_after_av_three_fourth  el_before_av_textblock '><span class='hr-inner ' ><span class='hr-inner-style'><\/span><\/span><\/div>\n<section class=\"av_textblock_section \"  itemscope=\"itemscope\" itemtype=\"https:\/\/schema.org\/CreativeWork\" ><div class='avia_textblock  '   itemprop=\"text\" ><p>Le SIVOM (Syndicat Intercommunal \u00e0 Vocations Multiples) des Trois Vall\u00e9es, qui regroupe les communes de Colombelles, Cormelles-le-Royal, Cuverville, Giberville et Mondeville, soit 28 780 habitants (recensement INSEE 2017), doit son nom \u00ab des trois vall\u00e9es \u00bb en r\u00e9f\u00e9rence \u00e0 la situation g\u00e9ographique des cinq communes par rapport aux vall\u00e9es dites : \u00abVall\u00e9e de l&rsquo;Orne\u00bb, \u00abVall\u00e9e S\u00e8che\u00bb et \u00abVall\u00e9e de la Gronde\u00bb. Mis en place par arr\u00eat\u00e9 pr\u00e9fectoral du 31 janvier 1974, ses comp\u00e9tences sont aujourd&rsquo;hui les suivantes :<\/p>\n<ul>\n<li>La gestion de la piscine de Colombelles ;<\/li>\n<li>La gestion de la piscine de Mondeville ;<\/li>\n<li>La gestion d\u2019un conservatoire de musique et de danse ;<\/li>\n<li>Maintenance informatique des mairies et des \u00e9coles.<\/li>\n<\/ul>\n<p>Le SIVOM compte 60 agents (emplois permanents).<\/p>\n<p>Il s\u2019organise autour :<\/p>\n<p>D\u2019un Comit\u00e9 Syndical, instance d\u00e9lib\u00e9rante, constitu\u00e9 de 25 \u00e9lus :<br \/>\nCommune de Colombelles : 5 d\u00e9l\u00e9gu\u00e9s<br \/>\nCommune de Cormelles-le-Royal : 5 d\u00e9l\u00e9gu\u00e9s<br \/>\nCommune de Cuverville : 3 d\u00e9l\u00e9gu\u00e9s<br \/>\nCommune de Giberville : 5 d\u00e9l\u00e9gu\u00e9s<br \/>\nCommune de Mondeville : 7 d\u00e9l\u00e9gu\u00e9s<\/p>\n<ul>\n<li>De 5 Commissions au sein desquelles, les membres sont charg\u00e9s, dans leurs domaines th\u00e9matiques respectifs, d\u2019\u00e9tudier et de rendre un avis consultatif sur les dossiers qui sont ensuite pr\u00e9sent\u00e9s en instance d\u00e9lib\u00e9rante :<br \/>\nCommission Finances\/Travaux ;<br \/>\nCommission du Personnel ;<br \/>\nCommission Sport ;<br \/>\nCommission Culture.<\/li>\n<\/ul>\n<ul>\n<li>D\u2019un Bureau compos\u00e9 de la Pr\u00e9sidente et des Vice-Pr\u00e9sidents au sein duquel sont discut\u00e9s des dossiers importants qui peuvent \u00eatre pr\u00e9sent\u00e9s par la suite en Commission ou en Comit\u00e9 Syndical.<\/li>\n<\/ul>\n<\/div><\/section>\n<div class=\"flex_column av_three_fourth  flex_column_div av-zero-column-padding first  avia-builder-el-4  el_after_av_textblock  avia-builder-el-last  column-top-margin\" style='border-radius:0px; '><\/div>\n","protected":false},"excerpt":{"rendered":"","protected":false},"author":4,"featured_media":0,"parent":0,"menu_order":1,"comment_status":"closed","ping_status":"closed","template":"","meta":{"footnotes":""},"class_list":["post-21","page","type-page","status-publish","hentry"],"_links":{"self":[{"href":"https:\/\/www.sivomdes3vallees.fr\/index.php\/wp-json\/wp\/v2\/pages\/21","targetHints":{"allow":["GET"]}}],"collection":[{"href":"https:\/\/www.sivomdes3vallees.fr\/index.php\/wp-json\/wp\/v2\/pages"}],"about":[{"href":"https:\/\/www.sivomdes3vallees.fr\/index.php\/wp-json\/wp\/v2\/types\/page"}],"author":[{"embeddable":true,"href":"https:\/\/www.sivomdes3vallees.fr\/index.php\/wp-json\/wp\/v2\/users\/4"}],"replies":[{"embeddable":true,"href":"https:\/\/www.sivomdes3vallees.fr\/index.php\/wp-json\/wp\/v2\/comments?post=21"}],"version-history":[{"count":11,"href":"https:\/\/www.sivomdes3vallees.fr\/index.php\/wp-json\/wp\/v2\/pages\/21\/revisions"}],"predecessor-version":[{"id":2977,"href":"https:\/\/www.sivomdes3vallees.fr\/index.php\/wp-json\/wp\/v2\/pages\/21\/revisions\/2977"}],"wp:attachment":[{"href":"https:\/\/www.sivomdes3vallees.fr\/index.php\/wp-json\/wp\/v2\/media?parent=21"}],"curies":[{"name":"wp","href":"https:\/\/api.w.org\/{rel}","templated":true}]}}