{"id":29,"date":"2018-02-28T20:47:25","date_gmt":"2018-02-28T19:47:25","guid":{"rendered":"http:\/\/www.sivomdes3vallees.fr\/?page_id=29"},"modified":"2026-02-18T12:31:19","modified_gmt":"2026-02-18T11:31:19","slug":"les-proces-verbaux-des-comites-syndicaux","status":"publish","type":"page","link":"https:\/\/www.sivomdes3vallees.fr\/index.php\/a-propos-de\/les-proces-verbaux-des-comites-syndicaux\/","title":{"rendered":"Les proc\u00e8s-verbaux des Comit\u00e9s Syndicaux"},"content":{"rendered":"<h4><span style=\"color: #000000;\"><a style=\"color: #000000;\" href=\"https:\/\/www.sivomdes3vallees.fr\/wp-content\/uploads\/PV-Comite-Syndical-du-03-02-2026.pdf\">Proc\u00e8s-verbal du 3 f\u00e9vrier 2026<\/a><\/span><\/h4>\n<hr \/>\n<h4><span style=\"color: #000000;\"><a style=\"color: #000000;\" href=\"https:\/\/www.sivomdes3vallees.fr\/wp-content\/uploads\/Convocation-3.pdf\">Convocation &#8211; comit\u00e9 syndical du 03 f\u00e9vrier 2026<\/a><\/span><\/h4>\n<hr \/>\n<h4><span style=\"color: #000000;\"><a style=\"color: #000000;\" href=\"https:\/\/www.sivomdes3vallees.fr\/wp-content\/uploads\/PV-DU-16-12-2025.pdf\">Proc\u00e8s-verbal du 16 d\u00e9cembre 2025<\/a><\/span><\/h4>\n<hr \/>\n<h4><span style=\"color: #000000;\"><a style=\"color: #000000;\" href=\"https:\/\/www.sivomdes3vallees.fr\/wp-content\/uploads\/Convocation-16-12-2025.pdf\">Convocation &#8211; Comit\u00e9 Syndical du 16 d\u00e9cembre 2025<\/a><\/span><\/h4>\n<hr \/>\n<h4><span style=\"color: #000000;\"><a style=\"color: #000000;\" href=\"https:\/\/www.sivomdes3vallees.fr\/wp-content\/uploads\/PV-DU-14-10-2025.pdf\">Proc\u00e8s-verbal du 14 octobre 2025<\/a><\/span><\/h4>\n<hr \/>\n<h4><span style=\"color: #000000;\"><a style=\"color: #000000;\" href=\"https:\/\/www.sivomdes3vallees.fr\/wp-content\/uploads\/Convocation-14-10-2025.pdf\">Convocation &#8211; Comit\u00e9 Syndical du 14 octobre 2025<\/a><\/span><\/h4>\n<hr \/>\n<h4><span style=\"color: #000000;\"><a style=\"color: #000000;\" href=\"https:\/\/www.sivomdes3vallees.fr\/wp-content\/uploads\/Pv-du-24-06-2025.pdf\">Proc\u00e8s-verbal du 24 juin 2024<\/a><\/span><\/h4>\n<hr \/>\n<h4><span style=\"color: #000000;\"><a style=\"color: #000000;\" href=\"https:\/\/www.sivomdes3vallees.fr\/wp-content\/uploads\/Convocation-2.pdf\">Convocation &#8211; Comit\u00e9 Syndical du 24 juin 2025<\/a><\/span><\/h4>\n<hr \/>\n<h4><span style=\"color: #000000;\"><a style=\"color: #000000;\" href=\"https:\/\/www.sivomdes3vallees.fr\/wp-content\/uploads\/PV-DU-25.03.2025.pdf\">Proc\u00e8s-verbal du 25 Mars 2025<\/a><\/span><\/h4>\n<hr \/>\n<h4><span style=\"color: #000000;\"><a style=\"color: #000000;\" href=\"https:\/\/www.sivomdes3vallees.fr\/wp-content\/uploads\/convocation.pdf\">Convocation &#8211; comit\u00e9 syndical du 25 mars 2025<\/a><\/span><\/h4>\n<hr \/>\n<h4><span style=\"color: #000000;\"><a style=\"color: #000000;\" href=\"https:\/\/www.sivomdes3vallees.fr\/wp-content\/uploads\/PV-du-2-02-2025.pdf\">Proc\u00e8s-verbal du 25 f\u00e9vrier 2025<\/a><\/span><\/h4>\n<hr \/>\n<h4><span style=\"color: #000000;\"><a style=\"color: #000000;\" href=\"https:\/\/www.sivomdes3vallees.fr\/wp-content\/uploads\/Convocation-1.pdf\">Convocation &#8211; comit\u00e9 syndical du <\/a>25\u00a0f\u00e9vrier 2025<\/span><\/h4>\n<hr \/>\n<h4><span style=\"color: #000000;\"><a style=\"color: #000000;\" href=\"https:\/\/www.sivomdes3vallees.fr\/wp-content\/uploads\/Proces-verbal-de-la-seance-du-17-12-2025.pdf\">Proc\u00e8s-verbal du 17 d\u00e9cembre 2024<\/a><\/span><\/h4>\n<hr \/>\n<h4><span style=\"color: #000000;\"><a style=\"color: #000000;\" href=\"https:\/\/www.sivomdes3vallees.fr\/wp-content\/uploads\/Convocation.pdf\">Convocation &#8211; comit\u00e9 syndical du 17 d\u00e9cembre 2024<\/a><\/span><\/h4>\n<hr \/>\n<h4><span style=\"color: #000000;\"><a style=\"color: #000000;\" href=\"https:\/\/www.sivomdes3vallees.fr\/wp-content\/uploads\/Proces-verbal-du-25-06-2024.pdf\">Proc\u00e8s-verbal du 25 Juin 2024<\/a><\/span><\/h4>\n<hr \/>\n<h4><span style=\"color: #000000;\"><a style=\"color: #000000;\" href=\"https:\/\/www.sivomdes3vallees.fr\/wp-content\/uploads\/PV-du-28-03-2024.pdf\">Proc\u00e8s-verbal du 28 Mars 2024<\/a><\/span><\/h4>\n<hr \/>\n<h4><span style=\"color: #000000;\"><a style=\"color: #000000;\" href=\"https:\/\/www.sivomdes3vallees.fr\/wp-content\/uploads\/PV-du-15-02-2024.pdf\">Proc\u00e8s-verbal du 15 f\u00e9vrier 2024<\/a><\/span><\/h4>\n<hr \/>\n<h4><span style=\"color: #000000;\"><a style=\"color: #000000;\" href=\"https:\/\/www.sivomdes3vallees.fr\/wp-content\/uploads\/PV-signe-du-Comite-Syndical-du-14-12-2023.zip\">Proc\u00e8s-verbal du 14 d\u00e9cembre 2024<\/a><\/span><\/h4>\n<hr \/>\n<h4><span style=\"color: #000000;\"><a style=\"color: #000000;\" href=\"https:\/\/www.sivomdes3vallees.fr\/wp-content\/uploads\/Proces-verbal-du-21-septembre-2023.pdf\">Proc\u00e8s-verbal du 21 septembre 2023<\/a><\/span><\/h4>\n<hr \/>\n<h4><span style=\"color: #000000;\"><a style=\"color: #000000;\" href=\"https:\/\/www.sivomdes3vallees.fr\/wp-content\/uploads\/PV-28-03-2023.pdf\">Proc\u00e8s-verbal du 28 mars 2023<\/a><\/span><\/h4>\n<hr \/>\n<h4><span style=\"color: #000000;\"><a style=\"color: #000000;\" href=\"https:\/\/www.sivomdes3vallees.fr\/wp-content\/uploads\/Proces-verbal-du-comite-syndical-du-14-mars-2023.pdf\">Proc\u00e8s-verbal du 14 mars 2023<\/a><\/span><\/h4>\n<hr \/>\n<h4><span style=\"color: #000000;\"><a style=\"color: #000000;\" href=\"https:\/\/www.sivomdes3vallees.fr\/wp-content\/uploads\/Proces-verbal-du-17-02-2023.pdf\">Proc\u00e8s-verbal du 17 f\u00e9vrier 2023<\/a><\/span><\/h4>\n<hr \/>\n<h4><strong><span style=\"color: #000000;\"><a style=\"color: #000000;\" href=\"https:\/\/www.sivomdes3vallees.fr\/wp-content\/uploads\/PV-signe.pdf\" target=\"_blank\" rel=\"noopener\">Proc\u00e8s-verbal du 19 d\u00e9cembre 2022<\/a><\/span><\/strong><\/h4>\n<hr \/>\n<h4><strong><span style=\"color: #000000;\"><a style=\"color: #000000;\" href=\"https:\/\/www.sivomdes3vallees.fr\/wp-content\/uploads\/PV-Comite-Syndical-du-29-11-2022-signe.pdf\" target=\"_blank\" rel=\"noopener\">Proc\u00e8s-verbal du 29 novembre 2022<\/a><\/span><\/strong><\/h4>\n<hr \/>\n<h4><strong><span style=\"color: #000000;\"><a style=\"color: #000000;\" href=\"https:\/\/www.sivomdes3vallees.fr\/wp-content\/uploads\/PV-du-10-11-2022-signe.pdf\">Proc\u00e8s-verbal du 10 novembre 2022<\/a><\/span><\/strong><\/h4>\n<hr \/>\n<h4><span style=\"color: #000000;\"><a style=\"color: #000000;\" href=\"https:\/\/www.sivomdes3vallees.fr\/wp-content\/uploads\/Proces-verbal-du-5-juillet-2022.pdf\">Proc\u00e8s-verbal du 5 juillet 2022<\/a><\/span><\/h4>\n<hr \/>\n<h4><span style=\"color: #000000;\"><a style=\"color: #000000;\" href=\"https:\/\/www.sivomdes3vallees.fr\/wp-content\/uploads\/PV-05-04-2022-pieces-annexes.pdf\">Proc\u00e8s-verbal du 5 avril 2022<\/a><\/span><\/h4>\n<hr \/>\n<h4><span style=\"color: #000000;\"><a style=\"color: #000000;\" href=\"https:\/\/www.sivomdes3vallees.fr\/wp-content\/uploads\/20220408125451966.pdf\">Proc\u00e8s-verbal du 22 mars 2022<\/a><\/span><\/h4>\n<hr \/>\n<h4><span style=\"color: #000000;\"><a style=\"color: #000000;\" href=\"https:\/\/www.sivomdes3vallees.fr\/wp-content\/uploads\/Proces-verbal-du-21-decembre-2021.pdf\">Proc\u00e8s-verbal du 21 d\u00e9cembre 2021<\/a><\/span><\/h4>\n<hr \/>\n<h4><span style=\"color: #000000;\"><a style=\"color: #000000;\" href=\"https:\/\/www.sivomdes3vallees.fr\/wp-content\/uploads\/Proces-Verbal-du-Comite-Syndical-du-30-06-2021-signe.pdf\">Proc\u00e8s-verbal du 30 juin 2021<\/a><\/span><\/h4>\n<hr \/>\n<h4><strong><span style=\"color: #000000;\"><a style=\"color: #000000;\" href=\"https:\/\/www.sivomdes3vallees.fr\/wp-content\/uploads\/PV-du-Comite-Syndical-du-03-06-02021.pdf\">Proc\u00e8s-verbal du 3 juin 2021<\/a><\/span><\/strong><\/h4>\n<hr \/>\n<h4><strong><span style=\"color: #000000;\"><a style=\"color: #000000;\" href=\"https:\/\/www.sivomdes3vallees.fr\/wp-content\/uploads\/PV-signe-du-Comite-Syndical-du-18.02.2021.pdf\">Proc\u00e8s-verbal du 18 f\u00e9vrier 2021<\/a><\/span><\/strong><\/h4>\n<hr \/>\n<h4><span style=\"color: #000000;\"><a style=\"color: #000000;\" href=\"https:\/\/www.sivomdes3vallees.fr\/wp-content\/uploads\/PV-du-Comite-Syndical-du-09.02.2021.pdf\">Proc\u00e8s-verbal du 9 f\u00e9vrier 2021<\/a><\/span><\/h4>\n<hr \/>\n<h4><span style=\"color: #000000;\"><a style=\"color: #000000;\" href=\"https:\/\/www.sivomdes3vallees.fr\/wp-content\/uploads\/PV-du-comite-syndical-du-17-12-2020-signe.pdf\">Proc\u00e8s-verbal du 17 d\u00e9cembre 2020<\/a><\/span><\/h4>\n<hr \/>\n<h4><span style=\"color: #000000;\"><strong><a style=\"color: #000000;\" href=\"https:\/\/www.sivomdes3vallees.fr\/wp-content\/uploads\/PV-du-Comite-Syndicla-du-15-10-2020.pdf\">Proc\u00e8s-verbal du 15 octobre 2020<\/a><\/strong><\/span><\/h4>\n<hr \/>\n<h4><span style=\"color: #000000;\"><a style=\"color: #000000;\" href=\"https:\/\/www.sivomdes3vallees.fr\/wp-content\/uploads\/Proc\u00e8s-Verbal-du-25-juin-2020.pdf\">Proc\u00e8s-verbal du 25 juin 2020<\/a><\/span><\/h4>\n<hr \/>\n<h4 style=\"text-align: left;\"><span style=\"color: #000000;\"><a style=\"color: #000000;\" href=\"https:\/\/www.sivomdes3vallees.fr\/wp-content\/uploads\/Proc\u00e8s-verbal-3-mars-2020-.pdf\">Proc\u00e8s-verbal 3 mars 2020<\/a><\/span><\/h4>\n<hr \/>\n<h4 style=\"text-align: left;\"><span style=\"color: #000000;\"><a style=\"color: #000000;\" href=\"https:\/\/www.sivomdes3vallees.fr\/wp-content\/uploads\/Proc\u00e8s-verbal-12-f\u00e9vrier-2020.pdf\">Pr<\/a><a style=\"color: #000000;\" href=\"https:\/\/www.sivomdes3vallees.fr\/wp-content\/uploads\/Proc\u00e8s-verbal-12-f\u00e9vrier-2020.pdf\">oc\u00e8s-verbal 12 f\u00e9vrier 2020<\/a><\/span><\/h4>\n<hr \/>\n<h4><span style=\"color: #000000;\"><a style=\"color: #000000;\" href=\"https:\/\/www.sivomdes3vallees.fr\/wp-content\/uploads\/Proc\u00e8s-verbal-10-d\u00e9cembre-2019-2e-partie.pdf\"><strong>Proc\u00e8s-verbal 10 d\u00e9cembre 2019 2e partie<\/strong><\/a><\/span><\/h4>\n<hr \/>\n<h4><span style=\"color: #000000;\"><a style=\"color: #000000;\" href=\"https:\/\/www.sivomdes3vallees.fr\/wp-content\/uploads\/Proc\u00e8s-verbal-10-d\u00e9cembre-2019-1\u00e8re-partie.pdf\"><strong>Proc\u00e8s-verbal 10 d\u00e9cembre 2019 1\u00e8re partie<\/strong><\/a><\/span><\/h4>\n<hr \/>\n<h4><span style=\"color: #000000;\"><a style=\"color: #000000;\" href=\"https:\/\/www.sivomdes3vallees.fr\/wp-content\/uploads\/Proc\u00e8s-verbal-du-4-juillet-2019.pdf\">Proc\u00e8s-verbal du 4 juillet 2019<\/a><\/span><\/h4>\n<hr \/>\n<h4><span style=\"color: #000000;\"><a style=\"color: #000000;\" href=\"https:\/\/www.sivomdes3vallees.fr\/wp-content\/uploads\/Proc\u00e8s-verbal-du-9-mai-2019.pdf\">Proc\u00e8s-verbal du 9 mai 2019<\/a><\/span><\/h4>\n<hr \/>\n<h4><span style=\"color: #000000;\"><a style=\"color: #000000;\" href=\"https:\/\/www.sivomdes3vallees.fr\/wp-content\/uploads\/Proc\u00e8s-verbal-du-27-mars-2019.pdf\">Proc\u00e8s-verbal du 27 mars 2019<\/a><\/span><\/h4>\n<hr \/>\n<h4><span style=\"color: #000000;\"><a style=\"color: #000000;\" href=\"https:\/\/www.sivomdes3vallees.fr\/wp-content\/uploads\/Proc\u00e8s-verbal-du-12-mars-2019-1.pdf\">Proc\u00e8s-verbal du 12 mars 2019<\/a><\/span><\/h4>\n<hr \/>\n<h4><span style=\"color: #000000;\"><a style=\"color: #000000;\" href=\"https:\/\/www.sivomdes3vallees.fr\/wp-content\/uploads\/Proc\u00e8s-verbal-du-07-d\u00e9cembre-2018.pdf\">Proc\u00e8s-verbal du 07 d\u00e9cembre\u00a0<\/a><a style=\"color: #000000;\" href=\"https:\/\/www.sivomdes3vallees.fr\/wp-content\/uploads\/Proc\u00e8s-verbal-du-07-d\u00e9cembre-2018.pdf\">2018<\/a><\/span><\/h4>\n<hr \/>\n<h4><span style=\"color: #000000;\"><a style=\"color: #000000;\" href=\"https:\/\/www.sivomdes3vallees.fr\/wp-content\/uploads\/Proc\u00e8s-verbal-du-3-juillet-2018.pdf\">Proc\u00e8s-verbal du 3 juillet 2018<\/a><\/span><\/h4>\n<hr \/>\n<h4><span style=\"color: #000000;\"><a style=\"color: #000000;\" href=\"https:\/\/www.sivomdes3vallees.fr\/wp-content\/uploads\/Proc\u00e8s-verbal-du-17-mai-2018.pdf\">Proc\u00e8s-verbal du 17 mai 2018<\/a><\/span><\/h4>\n<hr \/>\n<h4><span style=\"color: #000000;\"><a style=\"color: #000000;\" href=\"https:\/\/www.sivomdes3vallees.fr\/wp-content\/uploads\/Proc\u00e8s-verbal-du-5-avril-2018.pdf\">Proc\u00e8s-verbal du 5 avril 2018<\/a><\/span><\/h4>\n<hr \/>\n<h4><span style=\"color: #000000;\"><a style=\"color: #000000;\" href=\"https:\/\/www.sivomdes3vallees.fr\/wp-content\/uploads\/Proc\u00e8s-verbal-du-14-mars-2018.pdf\">Proc\u00e8s-verbal du 14 mars 2018<\/a>\u00a0<\/span><\/h4>\n<hr \/>\n<h4><span style=\"font-size: 12pt; color: #000000;\"><a style=\"color: #000000;\" href=\"https:\/\/www.sivomdes3vallees.fr\/wp-content\/uploads\/PV-21-12-2017.pdf\" target=\"_blank\" rel=\"noopener noreferrer\">Proc\u00e8s-verbal\u00a0du\u00a021\u00a0d\u00e9cembre\u00a02017<\/a><\/span><\/h4>\n<hr \/>\n<h4><span style=\"font-size: 12pt; color: #000000;\"><a style=\"color: #000000;\" href=\"https:\/\/www.sivomdes3vallees.fr\/wp-content\/uploads\/PV-06-07-17.pdf\" target=\"_blank\" rel=\"noopener noreferrer\">Proc\u00e8s-verbal du 6 juillet 2017<\/a><\/span><\/h4>\n<hr \/>\n<h4><span style=\"font-size: 12pt; color: #000000;\"><a style=\"color: #000000;\" href=\"https:\/\/www.sivomdes3vallees.fr\/wp-content\/uploads\/PV-comit%C3%A9-syndical-24-05-17.pdf\" target=\"_blank\" rel=\"noopener noreferrer\">Proc\u00e8s-verbal du 24 mai 2017<\/a><\/span><\/h4>\n<hr \/>\n<h4><span style=\"font-size: 12pt; color: #000000;\"><a style=\"color: #000000;\" href=\"https:\/\/www.sivomdes3vallees.fr\/wp-content\/uploads\/PV-30-03-17.pdf\" target=\"_blank\" rel=\"noopener noreferrer\">Proc\u00e8s-verbal du 30 mars 2017<\/a><\/span><\/h4>\n<hr \/>\n<h4><span style=\"font-size: 12pt; color: #000000;\"><a style=\"color: #000000;\" href=\"https:\/\/www.sivomdes3vallees.fr\/wp-content\/uploads\/PV-09-03-17.pdf\" target=\"_blank\" rel=\"noopener noreferrer\">Proc\u00e8s-verbal du 9 mars 2017<\/a><\/span><\/h4>\n<hr \/>\n<h4><span style=\"font-size: 12pt; color: #000000;\"><a style=\"color: #000000;\" href=\"https:\/\/www.sivomdes3vallees.fr\/wp-content\/uploads\/PV-08-12-2016.pdf\" target=\"_blank\" rel=\"noopener noreferrer\">Proc\u00e8s-verbal du 8 D\u00e9cembre 2016<\/a><\/span><\/h4>\n<hr \/>\n<p>&nbsp;<\/p>\n","protected":false},"excerpt":{"rendered":"<p>Proc\u00e8s-verbal du 3 f\u00e9vrier 2026 Convocation &#8211; comit\u00e9 syndical du 03 f\u00e9vrier 2026 Proc\u00e8s-verbal du 16 d\u00e9cembre 2025 Convocation &#8211; Comit\u00e9 Syndical du 16 d\u00e9cembre 2025 Proc\u00e8s-verbal du 14 octobre [&hellip;]<\/p>\n","protected":false},"author":4,"featured_media":615,"parent":6040,"menu_order":5,"comment_status":"closed","ping_status":"closed","template":"","meta":{"footnotes":""},"class_list":["post-29","page","type-page","status-publish","has-post-thumbnail","hentry"],"_links":{"self":[{"href":"https:\/\/www.sivomdes3vallees.fr\/index.php\/wp-json\/wp\/v2\/pages\/29","targetHints":{"allow":["GET"]}}],"collection":[{"href":"https:\/\/www.sivomdes3vallees.fr\/index.php\/wp-json\/wp\/v2\/pages"}],"about":[{"href":"https:\/\/www.sivomdes3vallees.fr\/index.php\/wp-json\/wp\/v2\/types\/page"}],"author":[{"embeddable":true,"href":"https:\/\/www.sivomdes3vallees.fr\/index.php\/wp-json\/wp\/v2\/users\/4"}],"replies":[{"embeddable":true,"href":"https:\/\/www.sivomdes3vallees.fr\/index.php\/wp-json\/wp\/v2\/comments?post=29"}],"version-history":[{"count":129,"href":"https:\/\/www.sivomdes3vallees.fr\/index.php\/wp-json\/wp\/v2\/pages\/29\/revisions"}],"predecessor-version":[{"id":7828,"href":"https:\/\/www.sivomdes3vallees.fr\/index.php\/wp-json\/wp\/v2\/pages\/29\/revisions\/7828"}],"up":[{"embeddable":true,"href":"https:\/\/www.sivomdes3vallees.fr\/index.php\/wp-json\/wp\/v2\/pages\/6040"}],"wp:featuredmedia":[{"embeddable":true,"href":"https:\/\/www.sivomdes3vallees.fr\/index.php\/wp-json\/wp\/v2\/media\/615"}],"wp:attachment":[{"href":"https:\/\/www.sivomdes3vallees.fr\/index.php\/wp-json\/wp\/v2\/media?parent=29"}],"curies":[{"name":"wp","href":"https:\/\/api.w.org\/{rel}","templated":true}]}}