{"id":35,"date":"2018-02-28T20:48:38","date_gmt":"2018-02-28T19:48:38","guid":{"rendered":"http:\/\/www.sivomdes3vallees.fr\/?page_id=35"},"modified":"2026-04-14T12:11:53","modified_gmt":"2026-04-14T10:11:53","slug":"la-piscine-de-colombelles","status":"publish","type":"page","link":"https:\/\/www.sivomdes3vallees.fr\/index.php\/la-piscine-de-colombelles\/","title":{"rendered":"La Piscine de Colombelles"},"content":{"rendered":"<div id='full_slider_1'  class='avia-fullwidth-slider main_color avia-shadow   avia-builder-el-0  el_before_av_hr  avia-builder-el-first   container_wrap sidebar_right' style=' '  ><div   data-size='large'  data-lightbox_size='large'  data-animation='slide'  data-conditional_play=''  data-ids='7364'  data-video_counter='0'  data-autoplay='false'  data-bg_slider='false'  data-slide_height=''  data-handle='av_slideshow_full'  data-interval='5'  data-class=' '  data-el_id=''  data-css_id=''  data-scroll_down=''  data-control_layout='av-control-default'  data-custom_markup=''  data-perma_caption=''  data-autoplay_stopper=''  data-image_attachment=''  data-min_height='0px'  data-lazy_loading='disabled'  data-src=''  data-position='top left'  data-repeat='no-repeat'  data-attach='scroll'  data-stretch=''  class='avia-slideshow avia-slideshow-1  av-control-default av-default-height-applied avia-slideshow-large av_slideshow_full   avia-slide-slider '  itemprop=\"image\" itemscope=\"itemscope\" itemtype=\"https:\/\/schema.org\/ImageObject\" ><ul class='avia-slideshow-inner ' style='padding-bottom: 57.03125%;' ><li  class=' av-single-slide slide-1 ' ><div data-rel='slideshow-1' class='avia-slide-wrap '   ><div class = \"caption_fullwidth av-slideshow-caption caption_center\"><div class = \"container caption_container\"><div class = \"slideshow_caption\"><div class = \"slideshow_inner_caption\"><div class = \"slideshow_align_caption\"><h2  style='color:#ba2e2e; ' class='avia-caption-title  '  itemprop=\"name\" >La Piscine de Colombelles<\/h2><\/div><\/div><\/div><\/div><\/div><img decoding=\"async\" class=\"wp-image-7364 avia-img-lazy-loading-not-7364\"  src=\"https:\/\/www.sivomdes3vallees.fr\/wp-content\/uploads\/Piscine-de-Colombelles2.jpg\" width=\"640\" height=\"365\" title='Piscine de Colombelles2' alt=''  itemprop=\"thumbnailUrl\" srcset=\"https:\/\/www.sivomdes3vallees.fr\/wp-content\/uploads\/Piscine-de-Colombelles2.jpg 640w, https:\/\/www.sivomdes3vallees.fr\/wp-content\/uploads\/Piscine-de-Colombelles2-300x171.jpg 300w\" sizes=\"(max-width: 640px) 100vw, 640px\" \/><\/div><\/li><\/ul><\/div><\/div><div id='after_full_slider_1'  class='main_color av_default_container_wrap container_wrap sidebar_right' style=' '  ><div class='container' ><div class='template-page content  av-content-small alpha units'><div class='post-entry post-entry-type-page post-entry-35'><div class='entry-content-wrapper clearfix'>\n<div   class='hr hr-default   avia-builder-el-1  el_after_av_slideshow_full  el_before_av_one_full  avia-builder-el-first '><span class='hr-inner ' ><span class='hr-inner-style'><\/span><\/span><\/div>\n<div class=\"flex_column av_one_full  av-animated-generic bottom-to-top  no_margin flex_column_div av-zero-column-padding first  avia-builder-el-2  el_after_av_hr  el_before_av_hr  \" style='border-radius:0px; '><p><article  class=\"iconbox iconbox_left    avia-builder-el-3  el_before_av_textblock  avia-builder-el-first  \"  itemscope=\"itemscope\" itemtype=\"https:\/\/schema.org\/CreativeWork\" ><div class=\"iconbox_content\"><header class=\"entry-content-header\"><div class=\"iconbox_icon heading-color\" aria-hidden='true' data-av_icon='\ue854' data-av_iconfont='entypo-fontello'  style='background-color:#eeee22; color:#ffffff; ' ><\/div><\/header><div class='iconbox_content_container  '  itemprop=\"text\"   style='font-size:50px; '><\/div><\/div><footer class=\"entry-footer\"><\/footer><\/article><br \/>\n<section class=\"av_textblock_section \"  itemscope=\"itemscope\" itemtype=\"https:\/\/schema.org\/CreativeWork\" ><div class='avia_textblock  '   itemprop=\"text\" ><h3><span style=\"color: #ffcc00;\"><strong>Rue Salvador Allende<\/strong><\/span><\/h3>\n<h3><span style=\"color: #ffcc00;\"><strong>14460 COLOMBELLES<\/strong><\/span><\/h3>\n<h1><span style=\"color: #ffcc00;\"><strong>T\u00e9l. 02 31 72 17 11<\/strong><\/span><\/h1>\n<hr \/>\n<p style=\"text-align: justify;\"><span style=\"font-family: verdana, geneva, sans-serif; color: #333333;\">Situ\u00e9 au c\u0153ur de Colombelles, notre \u00c9tablissement public \u00e0 une vocation \u00e0 la fois ludique et sportive, puisqu\u2019il accueille chaque jour de nombreux usagers, \u00e9tablissements scolaires, clubs et associations, repr\u00e9sentant pr\u00e8s de 60 000 visiteurs par an.<\/span><\/p>\n<p style=\"text-align: justify;\"><span style=\"font-family: verdana, geneva, sans-serif; color: #333333;\">Notre structure comprend 2 bassins int\u00e9rieurs. L\u2019un de 12 m en profondeur croissante est r\u00e9serv\u00e9 \u00e0 l\u2019apprentissage et \u00e0 certaines activit\u00e9s telles que : les le\u00e7ons particuli\u00e8res, les stages d\u2019apprentissage et de perfectionnement enfant ainsi que l\u2019Aquagym, l&rsquo;Aquabike, les b\u00e9b\u00e9s nageurs et l\u2019Aquaphobie.<\/span><\/p>\n<p><span style=\"font-family: verdana, geneva, sans-serif; color: #333333;\">L\u2019autre de 25 m en profondeur constante est plus adapt\u00e9 \u00e0 la nage libre et sportive.<\/span><\/p>\n<hr \/>\n<p><span style=\"color: #ffcc00;\"><em><strong><span style=\"font-family: verdana,geneva,sans-serif;\">Bon \u00e0 savoir :<\/span><\/strong><\/em><\/span><\/p>\n<p><span style=\"font-family: verdana, geneva, sans-serif; color: #333333;\">&#8211; Evacuation des bassins 20 minutes avant la fermeture<\/span><br \/>\n<span style=\"font-family: verdana, geneva, sans-serif; color: #333333;\"> &#8211; Bonnet de bain obligatoire<\/span><br \/>\n<span style=\"font-family: verdana, geneva, sans-serif; color: #333333;\"> &#8211; Bermudas et shorts interdits<\/span><br \/>\n<span style=\"font-family: verdana, geneva, sans-serif; color: #333333;\"> &#8211; Le S.I.V.O.M. se r\u00e9serve le droit de changer les horaires en fonction du planning des comp\u00e9titions, des travaux, des vidanges, \u2026<\/span><\/p>\n<hr \/>\n<\/div><\/section><\/p><\/div>\n<div   class='hr hr-default   avia-builder-el-5  el_after_av_one_full  el_before_av_one_full '><span class='hr-inner ' ><span class='hr-inner-style'><\/span><\/span><\/div>\n<div class=\"flex_column av_one_full  flex_column_div av-zero-column-padding first  avia-builder-el-6  el_after_av_hr  el_before_av_hr  \" style='border-radius:0px; '><article  class=\"iconbox iconbox_top main_color    avia-builder-el-7  avia-builder-el-no-sibling  \"  itemscope=\"itemscope\" itemtype=\"https:\/\/schema.org\/CreativeWork\" ><div class=\"iconbox_content\"><header class=\"entry-content-header\"><div class=\"iconbox_icon heading-color\" aria-hidden='true' data-av_icon='\ue8df' data-av_iconfont='entypo-fontello'  style='background-color:#ffffff; border:1px solid #b02b2c; color:#edae44; ' ><\/div><h3 class='iconbox_content_title  '  itemprop=\"headline\"   style='color:#b02b2c; '>Informations<\/h3><\/header><div class='iconbox_content_container  '  itemprop=\"text\"  ><p><a href=\"https:\/\/www.sivomdes3vallees.fr\/wp-content\/uploads\/Fermeture-piscines-mai-2026.jpg\"><img loading=\"lazy\" decoding=\"async\" class=\"wp-image-7945 aligncenter\" src=\"https:\/\/www.sivomdes3vallees.fr\/wp-content\/uploads\/Fermeture-piscines-mai-2026-1024x724.jpg\" alt=\"\" width=\"495\" height=\"350\" srcset=\"https:\/\/www.sivomdes3vallees.fr\/wp-content\/uploads\/Fermeture-piscines-mai-2026-1024x724.jpg 1024w, https:\/\/www.sivomdes3vallees.fr\/wp-content\/uploads\/Fermeture-piscines-mai-2026-300x212.jpg 300w, https:\/\/www.sivomdes3vallees.fr\/wp-content\/uploads\/Fermeture-piscines-mai-2026-768x543.jpg 768w, https:\/\/www.sivomdes3vallees.fr\/wp-content\/uploads\/Fermeture-piscines-mai-2026-1536x1086.jpg 1536w, https:\/\/www.sivomdes3vallees.fr\/wp-content\/uploads\/Fermeture-piscines-mai-2026-1500x1060.jpg 1500w, https:\/\/www.sivomdes3vallees.fr\/wp-content\/uploads\/Fermeture-piscines-mai-2026-260x185.jpg 260w, https:\/\/www.sivomdes3vallees.fr\/wp-content\/uploads\/Fermeture-piscines-mai-2026-705x498.jpg 705w, https:\/\/www.sivomdes3vallees.fr\/wp-content\/uploads\/Fermeture-piscines-mai-2026.jpg 1754w\" sizes=\"auto, (max-width: 495px) 100vw, 495px\" \/><\/a><\/p>\n<\/div><\/div><footer class=\"entry-footer\"><\/footer><\/article><\/div><div   class='hr hr-default   avia-builder-el-8  el_after_av_one_full  el_before_av_one_half '><span class='hr-inner ' ><span class='hr-inner-style'><\/span><\/span><\/div><\/p>\n<div class=\"flex_column av_one_half  flex_column_div av-zero-column-padding first  avia-builder-el-9  el_after_av_hr  el_before_av_one_half  \" style='border-radius:0px; '><section class=\"av_textblock_section \"  itemscope=\"itemscope\" itemtype=\"https:\/\/schema.org\/CreativeWork\" ><div class='avia_textblock  '   itemprop=\"text\" ><p><a href=\"https:\/\/www.sivomdes3vallees.fr\/wp-content\/uploads\/Horaires-3.jpg\"><img loading=\"lazy\" decoding=\"async\" class=\"alignnone wp-image-7672 size-large\" src=\"https:\/\/www.sivomdes3vallees.fr\/wp-content\/uploads\/Horaires-3-815x768.jpg\" alt=\"\" width=\"815\" height=\"768\" srcset=\"https:\/\/www.sivomdes3vallees.fr\/wp-content\/uploads\/Horaires-3-815x768.jpg 815w, https:\/\/www.sivomdes3vallees.fr\/wp-content\/uploads\/Horaires-3-300x283.jpg 300w, https:\/\/www.sivomdes3vallees.fr\/wp-content\/uploads\/Horaires-3-768x724.jpg 768w, https:\/\/www.sivomdes3vallees.fr\/wp-content\/uploads\/Horaires-3-705x665.jpg 705w, https:\/\/www.sivomdes3vallees.fr\/wp-content\/uploads\/Horaires-3.jpg 1240w\" sizes=\"auto, (max-width: 815px) 100vw, 815px\" \/><\/a><\/p>\n<\/div><\/section><\/div>\n<div class=\"flex_column av_one_half  flex_column_div av-zero-column-padding   avia-builder-el-11  el_after_av_one_half  el_before_av_hr  \" style='border-radius:0px; '><section class=\"av_textblock_section \"  itemscope=\"itemscope\" itemtype=\"https:\/\/schema.org\/CreativeWork\" ><div class='avia_textblock  '   itemprop=\"text\" ><p><a href=\"https:\/\/www.sivomdes3vallees.fr\/wp-content\/uploads\/TARIFS-1.jpg\"><img loading=\"lazy\" decoding=\"async\" class=\"alignnone wp-image-7561 size-large\" src=\"https:\/\/www.sivomdes3vallees.fr\/wp-content\/uploads\/TARIFS-1-543x768.jpg\" alt=\"\" width=\"543\" height=\"768\" srcset=\"https:\/\/www.sivomdes3vallees.fr\/wp-content\/uploads\/TARIFS-1-543x768.jpg 543w, https:\/\/www.sivomdes3vallees.fr\/wp-content\/uploads\/TARIFS-1-212x300.jpg 212w, https:\/\/www.sivomdes3vallees.fr\/wp-content\/uploads\/TARIFS-1-768x1086.jpg 768w, https:\/\/www.sivomdes3vallees.fr\/wp-content\/uploads\/TARIFS-1-1086x1536.jpg 1086w, https:\/\/www.sivomdes3vallees.fr\/wp-content\/uploads\/TARIFS-1-1060x1500.jpg 1060w, https:\/\/www.sivomdes3vallees.fr\/wp-content\/uploads\/TARIFS-1-498x705.jpg 498w, https:\/\/www.sivomdes3vallees.fr\/wp-content\/uploads\/TARIFS-1.jpg 1240w\" sizes=\"auto, (max-width: 543px) 100vw, 543px\" \/><\/a>Cliquer ici pour ajouter votre propre texte<\/p>\n<\/div><\/section><\/div>\n<div   class='hr hr-default   avia-builder-el-13  el_after_av_one_half  el_before_av_heading '><span class='hr-inner ' ><span class='hr-inner-style'><\/span><\/span><\/div>\n<div  style='padding-bottom:10px; color:#eeee22;' class='av-special-heading av-special-heading-h1 custom-color-heading blockquote modern-quote modern-centered  avia-builder-el-14  el_after_av_hr  el_before_av_hr  '><h1 class='av-special-heading-tag '  itemprop=\"headline\"  >LES ACTIVIT\u00c9S&#8230;<\/h1><div class='special-heading-border'><div class='special-heading-inner-border' style='border-color:#eeee22'><\/div><\/div><\/div>\n<div   class='hr hr-default   avia-builder-el-15  el_after_av_heading  el_before_av_one_third '><span class='hr-inner ' ><span class='hr-inner-style'><\/span><\/span><\/div>\n<div class=\"flex_column av_one_third  flex_column_div av-zero-column-padding first  avia-builder-el-16  el_after_av_hr  el_before_av_one_third  \" style='border-radius:0px; '><article  class=\"iconbox iconbox_left    avia-builder-el-17  avia-builder-el-no-sibling  \"  itemscope=\"itemscope\" itemtype=\"https:\/\/schema.org\/CreativeWork\" ><div class=\"iconbox_content\"><header class=\"entry-content-header\"><div class=\"iconbox_icon heading-color\" aria-hidden='true' data-av_icon='\ue8b9' data-av_iconfont='entypo-fontello'  style='background-color:#eeee22; border:1px solid #ffffff; color:#7a7a7a; ' ><\/div><h3 class='iconbox_content_title  '  itemprop=\"headline\"   style='color:#eeee22; '>aquaphobie<\/h3><\/header><div class='iconbox_content_container  '  itemprop=\"text\"  ><p><span style=\"color: #808080;\">Lundi de 11h30 \u00e0 12h15<\/span><\/p>\n<p><img loading=\"lazy\" decoding=\"async\" class=\"alignleft\" src=\"https:\/\/media.istockphoto.com\/id\/487968210\/fr\/photo\/m%C3%A9ditation-sous-marine.jpg?s=612x612&amp;w=0&amp;k=20&amp;c=OaZvp4qBHJr1BGDR4KbPgUw1B7s-FbmeNbms_NsYHlc=\" alt=\"7 100+ Piscine Zen Photos, taleaux et images libre de droits - iStock | Piscine d\u00e9tente\" width=\"146\" height=\"219\" \/><\/p>\n<\/div><\/div><footer class=\"entry-footer\"><\/footer><\/article><\/div>\n<div class=\"flex_column av_one_third  flex_column_div av-zero-column-padding   avia-builder-el-18  el_after_av_one_third  el_before_av_one_third  \" style='border-radius:0px; '><article  class=\"iconbox iconbox_left    avia-builder-el-19  avia-builder-el-no-sibling  \"  itemscope=\"itemscope\" itemtype=\"https:\/\/schema.org\/CreativeWork\" ><div class=\"iconbox_content\"><header class=\"entry-content-header\"><div class=\"iconbox_icon heading-color\" aria-hidden='true' data-av_icon='\ue8ce' data-av_iconfont='entypo-fontello'  style='background-color:#eeee22; border:1px solid #ffffff; color:#999999; ' ><\/div><h3 class='iconbox_content_title  '  itemprop=\"headline\"   style='color:#eeee22; '>AQUABIKE<\/h3><\/header><div class='iconbox_content_container  '  itemprop=\"text\"  ><p><span style=\"color: #808080;\">Lundi de 12h30 \u00e0 13h00<\/span><\/p>\n<p><span style=\"color: #808080;\">Lundi de 17h30 \u00e0 18h00<\/span><\/p>\n<p><span style=\"color: #808080;\">Mardi de 17h30 \u00e0 18h00<\/span><\/p>\n<p><span style=\"color: #808080;\">Jeudi de 18h30 \u00e0 19h00<\/span><\/p>\n<p><img loading=\"lazy\" decoding=\"async\" class=\"\" src=\"https:\/\/www.aquatonic.fr\/nantes\/wp-content\/uploads\/sites\/8\/2010\/08\/aquabike-nantes.jpg\" alt=\"Cours d'Aquabike - V\u00e9lo Aquatique - Aquatonic Nantes\" width=\"214\" height=\"125\" \/><\/p>\n<\/div><\/div><footer class=\"entry-footer\"><\/footer><\/article><\/div>\n<div class=\"flex_column av_one_third  flex_column_div av-zero-column-padding   avia-builder-el-20  el_after_av_one_third  el_before_av_one_third  \" style='border-radius:0px; '><article  class=\"iconbox iconbox_left    avia-builder-el-21  avia-builder-el-no-sibling  \"  itemscope=\"itemscope\" itemtype=\"https:\/\/schema.org\/CreativeWork\" ><div class=\"iconbox_content\"><header class=\"entry-content-header\"><div class=\"iconbox_icon heading-color\" aria-hidden='true' data-av_icon='\ue8ce' data-av_iconfont='entypo-fontello'  style='background-color:#eeee22; border:1px solid #ffffff; color:#7f7f7f; ' ><\/div><h3 class='iconbox_content_title  '  itemprop=\"headline\"   style='color:#eeee22; '>AQUAGYM<\/h3><\/header><div class='iconbox_content_container  '  itemprop=\"text\"  ><p><span style=\"color: #808080;\">Mardi se 12h00 \u00e0 12h45<\/span><\/p>\n<p><span style=\"color: #808080;\">Jeudi de 12h00 \u00e0 12h45<\/span><\/p>\n<p><img loading=\"lazy\" decoding=\"async\" class=\"\" src=\"https:\/\/www.aquattitude-form.fr\/wp-content\/uploads\/2021\/12\/activit%C3%A9es-Aqua-1772x1080.jpg\" alt=\"Aquatraining - Aquattitude Form\" width=\"214\" height=\"130\" \/><\/p>\n<\/div><\/div><footer class=\"entry-footer\"><\/footer><\/article><\/div>\n<div class=\"flex_column av_one_third  flex_column_div av-zero-column-padding first  avia-builder-el-22  el_after_av_one_third  el_before_av_one_third  column-top-margin\" style='border-radius:0px; '><article  class=\"iconbox iconbox_left    avia-builder-el-23  avia-builder-el-no-sibling  \"  itemscope=\"itemscope\" itemtype=\"https:\/\/schema.org\/CreativeWork\" ><div class=\"iconbox_content\"><header class=\"entry-content-header\"><div class=\"iconbox_icon heading-color\" aria-hidden='true' data-av_icon='\ue8ce' data-av_iconfont='entypo-fontello'  style='background-color:#eeee22; border:1px solid #ffffff; color:#757575; ' ><\/div><h3 class='iconbox_content_title  '  itemprop=\"headline\"   style='color:#eeee22; '>B\u00e9b\u00e9s nageurs<\/h3><\/header><div class='iconbox_content_container  '  itemprop=\"text\"  ><p><span style=\"color: #808080;\">Samedi de 9h30 \u00e0 11h00<\/span><\/p>\n<p><img loading=\"lazy\" decoding=\"async\" class=\"\" src=\"https:\/\/encrypted-tbn0.gstatic.com\/images?q=tbn:ANd9GcSYbWvAs0YKRhuqziDaq56JOhgon7Eg2Ldl6g&amp;s\" alt=\"B\u00e9b\u00e9 nageur : proposer des s\u00e9ances de qualit\u00e9 ! - FAAEL\" width=\"202\" height=\"216\" \/><\/p>\n<p><span style=\"color: #ffcc00;\">De 6 mois \u00e0 3 ans <\/span><span style=\"color: #800000;\">(vaccins \u00e0 jour)<\/span><\/p>\n<\/div><\/div><footer class=\"entry-footer\"><\/footer><\/article><\/div>\n<div class=\"flex_column av_one_third  flex_column_div av-zero-column-padding   avia-builder-el-24  el_after_av_one_third  el_before_av_hr  column-top-margin\" style='border-radius:0px; '><article  class=\"iconbox iconbox_left    avia-builder-el-25  avia-builder-el-no-sibling  \"  itemscope=\"itemscope\" itemtype=\"https:\/\/schema.org\/CreativeWork\" ><div class=\"iconbox_content\"><header class=\"entry-content-header\"><div class=\"iconbox_icon heading-color\" aria-hidden='true' data-av_icon='\ue8ce' data-av_iconfont='entypo-fontello'  style='background-color:#eeee22; border:1px solid #ffffff; color:#7a7a7a; ' ><\/div><h3 class='iconbox_content_title  '  itemprop=\"headline\"   style='color:#eeee22; '>Moment familles<\/h3><\/header><div class='iconbox_content_container  '  itemprop=\"text\"  ><p><span style=\"color: #808080;\">Samedi de 12h00 \u00e0 13h30<\/span><\/p>\n<p><img loading=\"lazy\" decoding=\"async\" class=\"\" src=\"https:\/\/encrypted-tbn0.gstatic.com\/images?q=tbn:ANd9GcSH586WqpvQrLlz5i-DoVbS2npcIwtssUPi4Q&amp;s\" alt=\"Activit\u00e9s et cours aquatiques | SAINT-L\u00d4 AGGLO\" width=\"237\" height=\"158\" \/><\/p>\n<p><span style=\"color: #ffcc00;\">+ 3 ans \/ petit bain<\/span><\/p>\n<\/div><\/div><footer class=\"entry-footer\"><\/footer><\/article><\/div>\n<div   class='hr hr-default   avia-builder-el-26  el_after_av_one_third  el_before_av_one_full '><span class='hr-inner ' ><span class='hr-inner-style'><\/span><\/span><\/div>\n<div class=\"flex_column av_one_full  flex_column_div av-zero-column-padding first  avia-builder-el-27  el_after_av_hr  el_before_av_hr  \" style='border-radius:0px; '><article  class=\"iconbox iconbox_left    avia-builder-el-28  avia-builder-el-no-sibling  \"  itemscope=\"itemscope\" itemtype=\"https:\/\/schema.org\/CreativeWork\" ><div class=\"iconbox_content\"><header class=\"entry-content-header\"><div class=\"iconbox_icon heading-color\" aria-hidden='true' data-av_icon='\ue80b' data-av_iconfont='entypo-fontello'  style='background-color:#eeee22; border:1px solid #ffffff; color:#848484; ' ><\/div><h3 class='iconbox_content_title  '  itemprop=\"headline\"   style='color:#707070; '>Pr\u00e9sentation des \u00e9ducateurs sportifs intervenant sur les animations<\/h3><\/header><div class='iconbox_content_container av_inherit_color '  itemprop=\"text\"   style='color:#6b6b6b; '><p><a href=\"https:\/\/www.sivomdes3vallees.fr\/wp-content\/uploads\/swimming-78112_960_720.jpg\"><img loading=\"lazy\" decoding=\"async\" class=\"alignnone wp-image-192 \" src=\"https:\/\/www.sivomdes3vallees.fr\/wp-content\/uploads\/swimming-78112_960_720-1024x681.jpg\" alt=\"\" width=\"266\" height=\"177\" srcset=\"https:\/\/www.sivomdes3vallees.fr\/wp-content\/uploads\/swimming-78112_960_720.jpg 1024w, https:\/\/www.sivomdes3vallees.fr\/wp-content\/uploads\/swimming-78112_960_720-300x200.jpg 300w, https:\/\/www.sivomdes3vallees.fr\/wp-content\/uploads\/swimming-78112_960_720-768x511.jpg 768w\" sizes=\"auto, (max-width: 266px) 100vw, 266px\" \/><\/a><\/p>\n<ul>\n<li>\n<h6><span style=\"color: #808080;\"><strong>BECUE Lo\u00efc<\/strong><\/span><\/h6>\n<\/li>\n<li>\n<h6><span style=\"color: #808080;\"><strong>CAUDRON Ludovic<\/strong><\/span><\/h6>\n<\/li>\n<li>\n<h6><span style=\"color: #808080;\"><strong>HERY Ma\u00ebva<\/strong><\/span><\/h6>\n<\/li>\n<li>\n<h6><span style=\"color: #808080;\">LAINE Paul<\/span><\/h6>\n<\/li>\n<li>\n<h6><span style=\"color: #808080;\"><strong>LECHEVALLIER St\u00e9phane<\/strong><\/span><\/h6>\n<\/li>\n<li>\n<h6><span style=\"color: #808080;\"><strong>LEROUX Delphine<\/strong><\/span><\/h6>\n<\/li>\n<li>\n<h6><span style=\"color: #808080;\"><strong>ROPTIN S\u00e9bastien<\/strong><\/span><\/h6>\n<\/li>\n<li>\n<h6><span style=\"color: #808080;\">ROUFFET \u00c9lodie<\/span><\/h6>\n<\/li>\n<\/ul>\n<\/div><\/div><footer class=\"entry-footer\"><\/footer><\/article><\/div>\n<div   class='hr hr-default   avia-builder-el-29  el_after_av_one_full  el_before_av_button '><span class='hr-inner ' ><span class='hr-inner-style'><\/span><\/span><\/div>\n<div  class='avia-button-wrap avia-button-center  avia-builder-el-30  el_after_av_hr  el_before_av_button ' ><a href='https:\/\/www.facebook.com\/p\/piscinecolombelles-61576520619534\/'  class='avia-button  avia-color-blue   avia-icon_select-yes-left-icon avia-size-large avia-position-center '   ><span class='avia_button_icon avia_button_icon_left ' aria-hidden='true' data-av_icon='\ue8f5' data-av_iconfont='entypo-fontello'><\/span><span class='avia_iconbox_title' >Facebook<\/span><\/a><\/div>\n<div  class='avia-button-wrap avia-button-center  avia-builder-el-31  el_after_av_button  avia-builder-el-last ' ><a href='http:\/\/www.instagram.com\/piscine.colombelles'  class='avia-button  avia-color-pink   avia-icon_select-yes-left-icon avia-size-large avia-position-center '   ><span class='avia_button_icon avia_button_icon_left ' aria-hidden='true' data-av_icon='\uf16d' data-av_iconfont='entypo-fontello'><\/span><span class='avia_iconbox_title' >Instagram<\/span><\/a><\/div>\n","protected":false},"excerpt":{"rendered":"","protected":false},"author":4,"featured_media":0,"parent":0,"menu_order":30,"comment_status":"closed","ping_status":"closed","template":"","meta":{"footnotes":""},"class_list":["post-35","page","type-page","status-publish","hentry"],"_links":{"self":[{"href":"https:\/\/www.sivomdes3vallees.fr\/index.php\/wp-json\/wp\/v2\/pages\/35","targetHints":{"allow":["GET"]}}],"collection":[{"href":"https:\/\/www.sivomdes3vallees.fr\/index.php\/wp-json\/wp\/v2\/pages"}],"about":[{"href":"https:\/\/www.sivomdes3vallees.fr\/index.php\/wp-json\/wp\/v2\/types\/page"}],"author":[{"embeddable":true,"href":"https:\/\/www.sivomdes3vallees.fr\/index.php\/wp-json\/wp\/v2\/users\/4"}],"replies":[{"embeddable":true,"href":"https:\/\/www.sivomdes3vallees.fr\/index.php\/wp-json\/wp\/v2\/comments?post=35"}],"version-history":[{"count":192,"href":"https:\/\/www.sivomdes3vallees.fr\/index.php\/wp-json\/wp\/v2\/pages\/35\/revisions"}],"predecessor-version":[{"id":7955,"href":"https:\/\/www.sivomdes3vallees.fr\/index.php\/wp-json\/wp\/v2\/pages\/35\/revisions\/7955"}],"wp:attachment":[{"href":"https:\/\/www.sivomdes3vallees.fr\/index.php\/wp-json\/wp\/v2\/media?parent=35"}],"curies":[{"name":"wp","href":"https:\/\/api.w.org\/{rel}","templated":true}]}}