{"id":39,"date":"2018-02-28T20:49:22","date_gmt":"2018-02-28T19:49:22","guid":{"rendered":"http:\/\/www.sivomdes3vallees.fr\/?page_id=39"},"modified":"2024-04-24T16:59:36","modified_gmt":"2024-04-24T14:59:36","slug":"documents-pratiques","status":"publish","type":"page","link":"https:\/\/www.sivomdes3vallees.fr\/index.php\/lecole-de-musique-et-de-danse\/documents-pratiques\/","title":{"rendered":"P\u00f4le Handicap : Musique et Danse Adapt\u00e9es"},"content":{"rendered":"<p><strong>R\u00e9f\u00e9rente handicap :<\/strong> Christine Miquel<\/p>\n<p>&nbsp;<\/p>\n<p>Afin de permettre \u00e0 chacun de s&rsquo;\u00e9panouir en pratiquant la musique, le chant ou la danse, le Conservatoire du SIVOM des Trois Vall\u00e9es propose une offre p\u00e9dagogique permettant l&rsquo;adaptation des cursus au profil de l&rsquo;usager (dys, autisme, etc.).<\/p>\n<p>&nbsp;<\/p>\n<p>Le C.R.I intervient \u00e9galement aupr\u00e8s des classes ULIS du territoires (en Musique) ainsi que lors d&rsquo;ateliers au b\u00e9n\u00e9ficie d&rsquo;enfants en accueil de jour en institut sp\u00e9cialis\u00e9 (en musique et en danse).<\/p>\n<p>&nbsp;<\/p>\n<p><em><strong>Enseignants :<\/strong><\/em> Christine Miquel (Musique) et David Revel (Danse)<\/p>\n<p>&nbsp;<\/p>\n","protected":false},"excerpt":{"rendered":"<p>R\u00e9f\u00e9rente handicap : Christine Miquel &nbsp; Afin de permettre \u00e0 chacun de s&rsquo;\u00e9panouir en pratiquant la musique, le chant ou la danse, le Conservatoire du SIVOM des Trois Vall\u00e9es propose [&hellip;]<\/p>\n","protected":false},"author":4,"featured_media":5862,"parent":15,"menu_order":1,"comment_status":"closed","ping_status":"closed","template":"","meta":{"footnotes":""},"class_list":["post-39","page","type-page","status-publish","has-post-thumbnail","hentry"],"_links":{"self":[{"href":"https:\/\/www.sivomdes3vallees.fr\/index.php\/wp-json\/wp\/v2\/pages\/39","targetHints":{"allow":["GET"]}}],"collection":[{"href":"https:\/\/www.sivomdes3vallees.fr\/index.php\/wp-json\/wp\/v2\/pages"}],"about":[{"href":"https:\/\/www.sivomdes3vallees.fr\/index.php\/wp-json\/wp\/v2\/types\/page"}],"author":[{"embeddable":true,"href":"https:\/\/www.sivomdes3vallees.fr\/index.php\/wp-json\/wp\/v2\/users\/4"}],"replies":[{"embeddable":true,"href":"https:\/\/www.sivomdes3vallees.fr\/index.php\/wp-json\/wp\/v2\/comments?post=39"}],"version-history":[{"count":31,"href":"https:\/\/www.sivomdes3vallees.fr\/index.php\/wp-json\/wp\/v2\/pages\/39\/revisions"}],"predecessor-version":[{"id":6017,"href":"https:\/\/www.sivomdes3vallees.fr\/index.php\/wp-json\/wp\/v2\/pages\/39\/revisions\/6017"}],"up":[{"embeddable":true,"href":"https:\/\/www.sivomdes3vallees.fr\/index.php\/wp-json\/wp\/v2\/pages\/15"}],"wp:featuredmedia":[{"embeddable":true,"href":"https:\/\/www.sivomdes3vallees.fr\/index.php\/wp-json\/wp\/v2\/media\/5862"}],"wp:attachment":[{"href":"https:\/\/www.sivomdes3vallees.fr\/index.php\/wp-json\/wp\/v2\/media?parent=39"}],"curies":[{"name":"wp","href":"https:\/\/api.w.org\/{rel}","templated":true}]}}