{"id":41,"date":"2018-02-28T20:49:58","date_gmt":"2018-02-28T19:49:58","guid":{"rendered":"http:\/\/www.sivomdes3vallees.fr\/?page_id=41"},"modified":"2026-02-17T16:54:22","modified_gmt":"2026-02-17T15:54:22","slug":"presentation-de-lequipe-et-des-locaux","status":"publish","type":"page","link":"https:\/\/www.sivomdes3vallees.fr\/index.php\/lecole-de-musique-et-de-danse\/presentation-de-lequipe-et-des-locaux\/","title":{"rendered":"Pr\u00e9sentation du Conservatoire, de l\u2019\u00e9quipe et de ses locaux"},"content":{"rendered":"<section class=\"av_textblock_section \"  itemscope=\"itemscope\" itemtype=\"https:\/\/schema.org\/CreativeWork\" ><div class='avia_textblock  '   itemprop=\"text\" ><h2 style=\"text-align: center;\"><strong>Pr\u00e9sentation du Conservatoire<\/strong><\/h2>\n<p>Le Conservatoire du SIVOM des Trois Vall\u00e9es, cr\u00e9\u00e9 en 1977, a \u00e9t\u00e9 agr\u00e9\u00e9 par le Minist\u00e8re de la Culture et de la Communication en juillet 1996 (labellisation Conservatoire \u00e0 Rayonnement Intercommunal). Il est implant\u00e9 sur les communes de Colombelles, Cormelles Le Royal, Cuverville, Giberville et Mondeville.<\/p>\n<p>Constitu\u00e9 d&rsquo;une \u00e9quipe p\u00e9dagogique de 25 enseignants, de deux agents administratifs et 2 agents techniques, le Conservatoire dispense un enseignement m\u00ealant qualit\u00e9 d&rsquo;apprentissage, flexibilit\u00e9 et accessibilit\u00e9 pour un public allant de la petite enfance (\u00e0 partir de 3 ans) jusqu&rsquo;aux adultes. Une place importante est donn\u00e9e \u00e0 l&rsquo;adaptation du contenu p\u00e9dagogique selon le profil de chacun (parcours libre, parcours dipl\u00f4mant, p\u00f4le handicap, etc.) afin de favoriser l&rsquo;\u00e9panouissement artistique de l&rsquo;\u00e9l\u00e8ve.<\/p>\n<p>La structure intervient \u00e9galement dans les \u00e9coles primaires et maternelles du SIVOM sur le temps scolaire en Musique et en Danse gr\u00e2ce \u00e0 ses intervenants sp\u00e9cialis\u00e9s (plus de 2000 \u00e9l\u00e8ves b\u00e9n\u00e9ficiaires). En outre, il accueille chaque ann\u00e9e, des classes des \u00e9coles \u00e9l\u00e9mentaires du territoire lors d\u2019une semaine \u00ab classe d\u00e9couverte \u00bb permettant au plus grand nombre de s\u2019initier \u00e0 la Musique et \u00e0 la Danse.<\/p>\n<p>Le Conservatoire de Musique et de Danse propose gratuitement de nombreuses manifestations musicales et chor\u00e9graphiques sur l\u2019ensemble du territoire au travers de concerts, auditions, spectacles scolaires, contes pour enfants mis en musique\u2026<\/p>\n<p>De nombreuses actions sont men\u00e9es en partenariat avec diff\u00e9rentes structures culturelles telles : les M\u00e9diath\u00e8ques, l\u2019association du Th\u00e9\u00e2tre de la Renaissance, l\u2019Orchestre R\u00e9gional de Normandie\u2026<\/p>\n<\/div><\/section>\n<section class=\"av_textblock_section \"  itemscope=\"itemscope\" itemtype=\"https:\/\/schema.org\/CreativeWork\" ><div class='avia_textblock  '   itemprop=\"text\" ><hr \/>\n<h2 style=\"text-align: center;\">Pr\u00e9sentation de l\u2019\u00e9quipe<\/h2>\n<h4><strong><span style=\"color: #800080;\">L\u2019\u00e9quipe p\u00e9dagogique<\/span><\/strong><\/h4>\n<p><strong><span style=\"color: #800080;\">LES BOIS :<\/span><\/strong><\/p>\n<p>Clarinette :\u00a0<strong>Christine MIQUEL<\/strong><br \/>\nFl\u00fbte traversi\u00e8re : <strong>Louis GIROD<\/strong><br \/>\nSaxophone : <strong>Marc MAINCENT<\/strong><\/p>\n<p><strong><span style=\"color: #800080;\">LE CHANT :<\/span><\/strong><\/p>\n<p>Chant : <strong>Dominique BOUGY<\/strong><\/p>\n<p><strong><span style=\"color: #800080;\">LES CLAVIERS :<\/span><\/strong><\/p>\n<p>Piano :\u00a0 <strong>Alexandre CHEBASSIER<\/strong>, <strong>A<\/strong><strong>rnau<\/strong><strong>d<\/strong><strong>\u00a0LE <\/strong><strong>CHEVALIER<\/strong>, <strong>Fanny LE ROY<\/strong><\/p>\n<p><strong><span style=\"color: #800080;\">LES CORDES :<\/span><\/strong><\/p>\n<p>Contrebasse : <strong>Josselin CHERI<\/strong><br \/>\nGuitare : <strong>Fabrice COUDREAU<\/strong><br \/>\nViolon : <strong>Corinne BASSEUX, Aurore LABRIAUD<\/strong><br \/>\nVioloncelle : <strong>Beno\u00eet LEBLOND<\/strong><\/p>\n<p><strong><span style=\"color: #800080;\">LES CUIVRES :<\/span><\/strong><\/p>\n<p>Trombone \/ Tuba : <strong>Pierre WESOLUCH<\/strong><br \/>\nTrompette : <strong>St\u00e9phane LAINE<\/strong><\/p>\n<p><strong><span style=\"color: #800080;\">LES PERCUSSIONS :<\/span><\/strong><\/p>\n<p>Percussions : <strong>Sophie CADET<\/strong><\/p>\n<p><strong><span style=\"color: #800080;\">LA DANSE :<\/span><\/strong><\/p>\n<p>Danse classique : <strong>Mireille JOST<\/strong><br \/>\nDanse contemporaine : <strong>David REVEL<\/strong><br \/>\nDanse Jazz : <strong>Arnaud CHAPUS, Ludivine CROULLEBOIS<\/strong><\/p>\n<p><strong><span style=\"color: #800080;\">L&rsquo;EVEIL ARTISTIQUE :<\/span><\/strong><\/p>\n<p>de la petite section de maternelle au CP (co-intervention):<strong> Christelle REGNAULD-CRIBELIER, Mireille JOST, David REVEL<br \/>\n<\/strong><\/p>\n<p><strong><span style=\"color: #800080;\">LA FORMATION MUSICALE :<\/span><\/strong><\/p>\n<p>Formation musicale : <strong>Aurore LABRIAUD, Anna MONTREER<\/strong>, <strong>Corinne PICOULEAU<\/strong><strong><br \/>\n<\/strong><\/p>\n<p><strong><span style=\"color: #800080;\">LES PRATIQUES COLLECTIVES :<\/span><\/strong><\/p>\n<p>Orchestres et Big band : <strong>Fabrice COUDREAU, <\/strong><strong>St\u00e9phane LAINE<\/strong>, <strong>Marc MAINCENT<\/strong><strong>, <\/strong><strong>Alexandra MUS-LECHIEN, Pierre WESOLUCH<\/strong><\/p>\n<p>Chant choral : <strong>Sophie CADET<\/strong><\/p>\n<p>Ensembles de Guitares : <strong>Fabrice COUDREAU<\/strong><\/p>\n<p>Ensemble de Fl\u00fbtes : <strong>Louis GIROD<\/strong><\/p>\n<p>Atelier Jazz et Musiques Improvis\u00e9es : <strong>Alexandre CHEBASSIER<\/strong><\/p>\n<p>Atelier Musiques Actuelles Amplifi\u00e9es : <strong>Fabrice COUDREAU<\/strong><\/p>\n<p>Tap &amp; Groove : <strong>Corinne PICOULEAU<\/strong><\/p>\n<p><strong><span style=\"color: #800080;\">LES ACCOMPAGNEMENTS PIANO :<\/span><\/strong><\/p>\n<p>Accompagnatrices : <strong>Ilaria CARNEVALLI, Fanny LE ROY, Christelle REGNAULD-CRIBELIER, H\u00e9l\u00e8ne WARTHMAN<\/strong><strong><br \/>\n<\/strong><\/p>\n<p><strong><span style=\"color: #800080;\">LES INTERVENTIONS SCOLAIRES :<\/span><\/strong><\/p>\n<p>Intervenants scolaires : <strong>Sophie CADET<\/strong>, <strong>Arnaud CHAPUS, Corinne PICOULEAU<br \/>\n<\/strong><\/p>\n<h4><strong><span style=\"color: #800080;\">L\u2019\u00e9quipe de direction\u00a0<\/span><\/strong><\/h4>\n<p><strong>Florentin MOREL<\/strong> (Directeur)<\/p>\n<h4><strong><span style=\"color: #800080;\">L\u2019\u00e9quipe administrative<\/span><\/strong><\/h4>\n<p><strong>Jennifer MARIE<\/strong> (secr\u00e9taire administrative et charg\u00e9e de la communication)<\/p>\n<h4><strong><span style=\"color: #800080;\">L\u2019\u00e9quipe technique\u00a0<\/span><\/strong><\/h4>\n<p><strong>Giani PEDINI<\/strong> (gardiennage, technique et entretien des locaux), <strong>Elodie LAMY <\/strong>(agent technique polyvalent)<\/p>\n<h2 style=\"text-align: center;\">Pr\u00e9sentation des locaux<\/h2>\n<p>Les locaux sont r\u00e9partis sur les 2 communes du SIVOM des Trois Vall\u00e9es :<\/p>\n<p><strong>\uf0b7 Colombelles<\/strong><br \/>\n<strong> \uf0b7 Mondeville<\/strong><\/p>\n<p><strong><span style=\"color: #800080;\">Colombelles :<\/span><\/strong><\/p>\n<p>1 Rue Cuirass\u00e9 Potemkine<br \/>\n&#8211; 1 Auditorium 120 places<br \/>\n&#8211; 2 salles de danse<\/p>\n<p><strong><span style=\"color: #800080;\">Mondeville :<\/span><\/strong><\/p>\n<p>92 Route de Cabourg (Ch\u00e2teau de Bellemaist)<br \/>\n&#8211; 10 salles<\/p>\n<\/div><\/section>\n<div  class='avia-button-wrap avia-button-center  avia-builder-el-2  el_after_av_textblock  avia-builder-el-last ' ><a href='http:\/\/facebook.com\/conservatoire3vallees'  class='avia-button  avia-color-blue   avia-icon_select-yes-left-icon avia-size-x-large avia-position-center '   ><span class='avia_button_icon avia_button_icon_left ' aria-hidden='true' data-av_icon='\ue8f5' data-av_iconfont='entypo-fontello'><\/span><span class='avia_iconbox_title' >Facebook<\/span><\/a><\/div>\n","protected":false},"excerpt":{"rendered":"","protected":false},"author":4,"featured_media":141,"parent":15,"menu_order":2,"comment_status":"closed","ping_status":"closed","template":"","meta":{"footnotes":""},"class_list":["post-41","page","type-page","status-publish","has-post-thumbnail","hentry"],"_links":{"self":[{"href":"https:\/\/www.sivomdes3vallees.fr\/index.php\/wp-json\/wp\/v2\/pages\/41","targetHints":{"allow":["GET"]}}],"collection":[{"href":"https:\/\/www.sivomdes3vallees.fr\/index.php\/wp-json\/wp\/v2\/pages"}],"about":[{"href":"https:\/\/www.sivomdes3vallees.fr\/index.php\/wp-json\/wp\/v2\/types\/page"}],"author":[{"embeddable":true,"href":"https:\/\/www.sivomdes3vallees.fr\/index.php\/wp-json\/wp\/v2\/users\/4"}],"replies":[{"embeddable":true,"href":"https:\/\/www.sivomdes3vallees.fr\/index.php\/wp-json\/wp\/v2\/comments?post=41"}],"version-history":[{"count":33,"href":"https:\/\/www.sivomdes3vallees.fr\/index.php\/wp-json\/wp\/v2\/pages\/41\/revisions"}],"predecessor-version":[{"id":7810,"href":"https:\/\/www.sivomdes3vallees.fr\/index.php\/wp-json\/wp\/v2\/pages\/41\/revisions\/7810"}],"up":[{"embeddable":true,"href":"https:\/\/www.sivomdes3vallees.fr\/index.php\/wp-json\/wp\/v2\/pages\/15"}],"wp:featuredmedia":[{"embeddable":true,"href":"https:\/\/www.sivomdes3vallees.fr\/index.php\/wp-json\/wp\/v2\/media\/141"}],"wp:attachment":[{"href":"https:\/\/www.sivomdes3vallees.fr\/index.php\/wp-json\/wp\/v2\/media?parent=41"}],"curies":[{"name":"wp","href":"https:\/\/api.w.org\/{rel}","templated":true}]}}