{"id":471,"date":"2018-03-22T20:11:06","date_gmt":"2018-03-22T19:11:06","guid":{"rendered":"http:\/\/www.sivomdes3vallees.fr\/?page_id=471"},"modified":"2026-04-14T12:15:29","modified_gmt":"2026-04-14T10:15:29","slug":"piscine-de-mondeville","status":"publish","type":"page","link":"https:\/\/www.sivomdes3vallees.fr\/index.php\/la-piscine-de-colombelles\/piscine-de-mondeville\/","title":{"rendered":"La Piscine de Mondeville"},"content":{"rendered":"<div id='full_slider_1'  class='avia-fullwidth-slider main_color avia-shadow   avia-builder-el-0  el_before_av_one_full  avia-builder-el-first   container_wrap sidebar_right' style=' '  ><div   data-size='large'  data-lightbox_size='large'  data-animation='slide'  data-conditional_play=''  data-ids='573'  data-video_counter='0'  data-autoplay='false'  data-bg_slider='false'  data-slide_height=''  data-handle='av_slideshow_full'  data-interval='5'  data-class=' '  data-el_id=''  data-css_id=''  data-scroll_down=''  data-control_layout='av-control-minimal av-control-minimal-dark'  data-custom_markup=''  data-perma_caption=''  data-autoplay_stopper=''  data-image_attachment=''  data-min_height='0px'  data-lazy_loading='disabled'  data-src=''  data-position='center center'  data-repeat='stretch'  data-attach='fixed'  data-stretch=''  class='avia-slideshow avia-slideshow-1  av-control-minimal av-control-minimal-dark av-default-height-applied avia-slideshow-large av_slideshow_full   avia-slide-slider '  itemprop=\"image\" itemscope=\"itemscope\" itemtype=\"https:\/\/schema.org\/ImageObject\" ><ul class='avia-slideshow-inner ' style='padding-bottom: 66.5625%;' ><li  class=' av-single-slide slide-1 ' ><div data-rel='slideshow-1' class='avia-slide-wrap '   ><div class = \"caption_fullwidth av-slideshow-caption caption_center\"><div class = \"container caption_container\"><div class = \"slideshow_caption\"><div class = \"slideshow_inner_caption\"><div class = \"slideshow_align_caption\"><h2  class='avia-caption-title  '  itemprop=\"name\" >La Piscine de Mondeville<\/h2><\/div><\/div><\/div><\/div><\/div><img decoding=\"async\" class=\"wp-image-573 avia-img-lazy-loading-not-573\"  src=\"https:\/\/www.sivomdes3vallees.fr\/wp-content\/uploads\/NATATION.jpg\" width=\"960\" height=\"639\" title='NATATION' alt=''  itemprop=\"thumbnailUrl\" srcset=\"https:\/\/www.sivomdes3vallees.fr\/wp-content\/uploads\/NATATION.jpg 960w, https:\/\/www.sivomdes3vallees.fr\/wp-content\/uploads\/NATATION-300x200.jpg 300w, https:\/\/www.sivomdes3vallees.fr\/wp-content\/uploads\/NATATION-768x511.jpg 768w, https:\/\/www.sivomdes3vallees.fr\/wp-content\/uploads\/NATATION-705x469.jpg 705w, https:\/\/www.sivomdes3vallees.fr\/wp-content\/uploads\/NATATION-450x300.jpg 450w\" sizes=\"(max-width: 960px) 100vw, 960px\" \/><\/div><\/li><\/ul><\/div><\/div><div id='after_full_slider_1'  class='main_color av_default_container_wrap container_wrap sidebar_right' style=' '  ><div class='container' ><div class='template-page content  av-content-small alpha units'><div class='post-entry post-entry-type-page post-entry-471'><div class='entry-content-wrapper clearfix'>\n<div class=\"flex_column av_one_full  av-animated-generic bottom-to-top  flex_column_div av-zero-column-padding first  avia-builder-el-1  el_after_av_slideshow_full  el_before_av_hr  avia-builder-el-first  \" style='border-radius:0px; '><p><article  class=\"iconbox iconbox_left    avia-builder-el-2  el_before_av_textblock  avia-builder-el-first  \"  itemscope=\"itemscope\" itemtype=\"https:\/\/schema.org\/CreativeWork\" ><div class=\"iconbox_content\"><header class=\"entry-content-header\"><div class=\"iconbox_icon heading-color\" aria-hidden='true' data-av_icon='\ue854' data-av_iconfont='entypo-fontello'  style='background-color:#eeee22; border:1px solid #ffffff; color:#939393; ' ><\/div><\/header><div class='iconbox_content_container  '  itemprop=\"text\"  ><\/div><\/div><footer class=\"entry-footer\"><\/footer><\/article><br \/>\n<section class=\"av_textblock_section \"  itemscope=\"itemscope\" itemtype=\"https:\/\/schema.org\/CreativeWork\" ><div class='avia_textblock  '   itemprop=\"text\" ><h3><span style=\"color: #ffcc00;\"><strong>4 chemin de la Cav\u00e9e<\/strong><\/span><\/h3>\n<h3><span style=\"color: #ffcc00;\"><strong>14120 MONDEVILLE<\/strong><\/span><\/h3>\n<h1><span style=\"color: #ffcc00;\"><strong>T\u00e9l: 02 31 84 75 06<\/strong><\/span><\/h1>\n<hr \/>\n<p style=\"text-align: justify;\"><span style=\"font-family: verdana, geneva, sans-serif; color: #333333;\">Situ\u00e9 au c\u0153ur de Mondeville, notre \u00e9tablissement offre confort et d\u00e9tente en laissant entrer une belle lumi\u00e8re naturelle au travers de ses larges baies vitr\u00e9es et de son toit mobile.<\/span><\/p>\n<p style=\"text-align: justify;\"><span style=\"font-family: verdana, geneva, sans-serif; color: #333333;\">Chaque ann\u00e9e pr\u00e8s de 45 000 visiteurs profitent d\u2019un bassin de 250 m<sup><span style=\"font-size: small;\">2<\/span><\/sup> de plan d\u2019eau (public, scolaires, monde associatif\u2026) en profondeur croissante.<\/span><\/p>\n<p style=\"text-align: justify;\"><span style=\"font-family: verdana, geneva, sans-serif; color: #333333;\">De nombreuses activit\u00e9s sont propos\u00e9es aux enfants et aux adultes, comme les le\u00e7ons collectives ou individuelles ainsi que des animations telles que\u00a0: Aquagym, Aquabody, Aquaphobie, etc\u2026<\/span><\/p>\n<hr \/>\n<p><span style=\"color: #ffcc00;\"><em><strong><span style=\"font-family: verdana,geneva,sans-serif;\">Bon \u00e0 savoir :<\/span><\/strong><\/em><\/span><\/p>\n<p><span style=\"font-family: verdana, geneva, sans-serif; color: #333333;\">&#8211; Evacuation des bassins 20 minutes avant la fermeture<\/span><br \/>\n<span style=\"font-family: verdana, geneva, sans-serif; color: #333333;\"> &#8211; Bonnet de bain obligatoire<\/span><br \/>\n<span style=\"font-family: verdana, geneva, sans-serif; color: #333333;\"> &#8211; Bermudas et shorts interdits<\/span><br \/>\n<span style=\"font-family: verdana, geneva, sans-serif; color: #333333;\"> &#8211; Le S.I.V.O.M. se r\u00e9serve le droit de changer les horaires en fonction du planning des comp\u00e9titions, des travaux, des vidanges, \u2026<\/span><\/p>\n<hr \/>\n<\/div><\/section><\/p><\/div>\n<div   class='hr hr-default   avia-builder-el-4  el_after_av_one_full  el_before_av_one_full '><span class='hr-inner ' ><span class='hr-inner-style'><\/span><\/span><\/div>\n<div class=\"flex_column av_one_full  flex_column_div av-zero-column-padding first  avia-builder-el-5  el_after_av_hr  el_before_av_hr  \" style='border-radius:0px; '><article  class=\"iconbox iconbox_top main_color    avia-builder-el-6  avia-builder-el-no-sibling  \"  itemscope=\"itemscope\" itemtype=\"https:\/\/schema.org\/CreativeWork\" ><div class=\"iconbox_content\"><header class=\"entry-content-header\"><div class=\"iconbox_icon heading-color\" aria-hidden='true' data-av_icon='\ue8df' data-av_iconfont='entypo-fontello'  style='background-color:#ffffff; border:1px solid #b02b2c; color:#edae44; ' ><\/div><h3 class='iconbox_content_title  '  itemprop=\"headline\"   style='color:#b02b2c; '>Informations<\/h3><\/header><div class='iconbox_content_container  '  itemprop=\"text\"  ><p style=\"text-align: center;\"><a href=\"https:\/\/www.sivomdes3vallees.fr\/wp-content\/uploads\/Fermeture-piscines-mai-2026.jpg\"><img loading=\"lazy\" decoding=\"async\" class=\"wp-image-7945 aligncenter\" src=\"https:\/\/www.sivomdes3vallees.fr\/wp-content\/uploads\/Fermeture-piscines-mai-2026-1024x724.jpg\" alt=\"\" width=\"454\" height=\"321\" srcset=\"https:\/\/www.sivomdes3vallees.fr\/wp-content\/uploads\/Fermeture-piscines-mai-2026-1024x724.jpg 1024w, https:\/\/www.sivomdes3vallees.fr\/wp-content\/uploads\/Fermeture-piscines-mai-2026-300x212.jpg 300w, https:\/\/www.sivomdes3vallees.fr\/wp-content\/uploads\/Fermeture-piscines-mai-2026-768x543.jpg 768w, https:\/\/www.sivomdes3vallees.fr\/wp-content\/uploads\/Fermeture-piscines-mai-2026-1536x1086.jpg 1536w, https:\/\/www.sivomdes3vallees.fr\/wp-content\/uploads\/Fermeture-piscines-mai-2026-1500x1060.jpg 1500w, https:\/\/www.sivomdes3vallees.fr\/wp-content\/uploads\/Fermeture-piscines-mai-2026-260x185.jpg 260w, https:\/\/www.sivomdes3vallees.fr\/wp-content\/uploads\/Fermeture-piscines-mai-2026-705x498.jpg 705w, https:\/\/www.sivomdes3vallees.fr\/wp-content\/uploads\/Fermeture-piscines-mai-2026.jpg 1754w\" sizes=\"auto, (max-width: 454px) 100vw, 454px\" \/><\/a>Click to add your own text here<\/p>\n<\/div><\/div><footer class=\"entry-footer\"><\/footer><\/article><\/div><div   class='hr hr-default   avia-builder-el-7  el_after_av_one_full  el_before_av_one_half '><span class='hr-inner ' ><span class='hr-inner-style'><\/span><\/span><\/div><\/p>\n<div class=\"flex_column av_one_half  flex_column_div av-zero-column-padding first  avia-builder-el-8  el_after_av_hr  el_before_av_one_half  \" style='border-radius:0px; '><section class=\"av_textblock_section \"  itemscope=\"itemscope\" itemtype=\"https:\/\/schema.org\/CreativeWork\" ><div class='avia_textblock  '   itemprop=\"text\" ><p><a href=\"https:\/\/www.sivomdes3vallees.fr\/wp-content\/uploads\/Horaires-4.jpg\"><img loading=\"lazy\" decoding=\"async\" class=\"alignnone wp-image-7695 size-large\" src=\"https:\/\/www.sivomdes3vallees.fr\/wp-content\/uploads\/Horaires-4-956x768.jpg\" alt=\"\" width=\"956\" height=\"768\" srcset=\"https:\/\/www.sivomdes3vallees.fr\/wp-content\/uploads\/Horaires-4-956x768.jpg 956w, https:\/\/www.sivomdes3vallees.fr\/wp-content\/uploads\/Horaires-4-300x241.jpg 300w, https:\/\/www.sivomdes3vallees.fr\/wp-content\/uploads\/Horaires-4-768x617.jpg 768w, https:\/\/www.sivomdes3vallees.fr\/wp-content\/uploads\/Horaires-4-705x567.jpg 705w, https:\/\/www.sivomdes3vallees.fr\/wp-content\/uploads\/Horaires-4.jpg 1197w\" sizes=\"auto, (max-width: 956px) 100vw, 956px\" \/><\/a><\/p>\n<\/div><\/section><\/div>\n<div class=\"flex_column av_one_half  flex_column_div av-zero-column-padding   avia-builder-el-10  el_after_av_one_half  el_before_av_hr  \" style='border-radius:0px; '><section class=\"av_textblock_section \"  itemscope=\"itemscope\" itemtype=\"https:\/\/schema.org\/CreativeWork\" ><div class='avia_textblock  '   itemprop=\"text\" ><p><a href=\"https:\/\/www.sivomdes3vallees.fr\/wp-content\/uploads\/TARIFS-1.jpg\"><img loading=\"lazy\" decoding=\"async\" class=\"alignnone wp-image-7561 size-large\" src=\"https:\/\/www.sivomdes3vallees.fr\/wp-content\/uploads\/TARIFS-1-543x768.jpg\" alt=\"\" width=\"543\" height=\"768\" srcset=\"https:\/\/www.sivomdes3vallees.fr\/wp-content\/uploads\/TARIFS-1-543x768.jpg 543w, https:\/\/www.sivomdes3vallees.fr\/wp-content\/uploads\/TARIFS-1-212x300.jpg 212w, https:\/\/www.sivomdes3vallees.fr\/wp-content\/uploads\/TARIFS-1-768x1086.jpg 768w, https:\/\/www.sivomdes3vallees.fr\/wp-content\/uploads\/TARIFS-1-1086x1536.jpg 1086w, https:\/\/www.sivomdes3vallees.fr\/wp-content\/uploads\/TARIFS-1-1060x1500.jpg 1060w, https:\/\/www.sivomdes3vallees.fr\/wp-content\/uploads\/TARIFS-1-498x705.jpg 498w, https:\/\/www.sivomdes3vallees.fr\/wp-content\/uploads\/TARIFS-1.jpg 1240w\" sizes=\"auto, (max-width: 543px) 100vw, 543px\" \/><\/a><\/p>\n<\/div><\/section><\/div>\n<div   class='hr hr-default   avia-builder-el-12  el_after_av_one_half  el_before_av_heading '><span class='hr-inner ' ><span class='hr-inner-style'><\/span><\/span><\/div>\n<div  style='padding-bottom:10px; color:#eeee22;font-size:30px;' class='av-special-heading av-special-heading-h5 custom-color-heading blockquote modern-quote modern-centered  avia-builder-el-13  el_after_av_hr  el_before_av_hr  av-inherit-size '><h5 class='av-special-heading-tag '  itemprop=\"headline\"  >Les Activit\u00e9s &#8230;<\/h5><div class='special-heading-border'><div class='special-heading-inner-border' style='border-color:#eeee22'><\/div><\/div><\/div>\n<div   class='hr hr-default   avia-builder-el-14  el_after_av_heading  el_before_av_one_half '><span class='hr-inner ' ><span class='hr-inner-style'><\/span><\/span><\/div>\n<div class=\"flex_column av_one_half  av-animated-generic av-rotateIn  flex_column_div av-zero-column-padding first  avia-builder-el-15  el_after_av_hr  el_before_av_one_half  \" style='border-radius:0px; '><article  class=\"iconbox iconbox_left    avia-builder-el-16  avia-builder-el-no-sibling  \"  itemscope=\"itemscope\" itemtype=\"https:\/\/schema.org\/CreativeWork\" ><div class=\"iconbox_content\"><header class=\"entry-content-header\"><div class=\"iconbox_icon heading-color\" aria-hidden='true' data-av_icon='\ue8ce' data-av_iconfont='entypo-fontello'  style='background-color:#eeee22; border:1px solid #ffffff; color:#8e8e8e; ' ><\/div><h3 class='iconbox_content_title  '  itemprop=\"headline\"   style='color:#7c7c7c; '>Aquagym<\/h3><\/header><div class='iconbox_content_container av_inherit_color '  itemprop=\"text\"   style='color:#3a3938; '><h3><span style=\"color: #808080;\"><strong>Le m<\/strong><strong>ardi de 17h00 \u00e0 17h45<\/strong><\/span><\/h3>\n<p><a href=\"https:\/\/www.sivomdes3vallees.fr\/wp-content\/uploads\/Aquagym-1015-e1573033716753.jpg\"><img loading=\"lazy\" decoding=\"async\" class=\"alignnone wp-image-1267\" src=\"https:\/\/www.sivomdes3vallees.fr\/wp-content\/uploads\/Aquagym-1015-300x200.jpg\" alt=\"\" width=\"294\" height=\"196\" \/><\/a><\/p>\n<\/div><\/div><footer class=\"entry-footer\"><\/footer><\/article><\/div>\n<div class=\"flex_column av_one_half  av-animated-generic av-rotateIn  flex_column_div av-zero-column-padding   avia-builder-el-17  el_after_av_one_half  el_before_av_hr  \" style='border-radius:0px; '><article  class=\"iconbox iconbox_left    avia-builder-el-18  avia-builder-el-no-sibling  \"  itemscope=\"itemscope\" itemtype=\"https:\/\/schema.org\/CreativeWork\" ><div class=\"iconbox_content\"><header class=\"entry-content-header\"><div class=\"iconbox_icon heading-color\" aria-hidden='true' data-av_icon='\ue8ce' data-av_iconfont='entypo-fontello'  style='background-color:#eeee22; border:1px solid #ffffff; color:#757575; ' ><\/div><h3 class='iconbox_content_title  '  itemprop=\"headline\"   style='color:#7c7c7c; '>Aquabike<\/h3><\/header><div class='iconbox_content_container av_inherit_color '  itemprop=\"text\"   style='color:#3a3938; '><h3><span style=\"color: #808080;\"><strong>vendredi de 14h15 \u00e0 15h00<\/strong><\/span><\/h3>\n<p><a href=\"https:\/\/www.sivomdes3vallees.fr\/wp-content\/uploads\/aquabike-1015.jpg\"><img loading=\"lazy\" decoding=\"async\" class=\"alignnone size-medium wp-image-1265\" src=\"https:\/\/www.sivomdes3vallees.fr\/wp-content\/uploads\/aquabike-1015-300x200.jpg\" alt=\"\" width=\"300\" height=\"200\" srcset=\"https:\/\/www.sivomdes3vallees.fr\/wp-content\/uploads\/aquabike-1015-300x200.jpg 300w, https:\/\/www.sivomdes3vallees.fr\/wp-content\/uploads\/aquabike-1015.jpg 425w\" sizes=\"auto, (max-width: 300px) 100vw, 300px\" \/><\/a><\/p>\n<\/div><\/div><footer class=\"entry-footer\"><\/footer><\/article><\/div>\n<div   class='hr hr-default   avia-builder-el-19  el_after_av_one_half  el_before_av_heading '><span class='hr-inner ' ><span class='hr-inner-style'><\/span><\/span><\/div>\n<div  style='padding-bottom:10px; color:#eeee22;font-size:30px;' class='av-special-heading av-special-heading-h5 custom-color-heading blockquote modern-quote modern-centered  avia-builder-el-20  el_after_av_hr  el_before_av_hr  av-inherit-size '><h5 class='av-special-heading-tag '  itemprop=\"headline\"  >A propos de &#8230;<\/h5><div class='special-heading-border'><div class='special-heading-inner-border' style='border-color:#eeee22'><\/div><\/div><\/div>\n<div   class='hr hr-default   avia-builder-el-21  el_after_av_heading  el_before_av_one_half '><span class='hr-inner ' ><span class='hr-inner-style'><\/span><\/span><\/div>\n<div class=\"flex_column av_one_half  flex_column_div av-zero-column-padding first  avia-builder-el-22  el_after_av_hr  el_before_av_hr  \" style='border-radius:0px; '><article  class=\"iconbox iconbox_left    avia-builder-el-23  avia-builder-el-no-sibling  \"  itemscope=\"itemscope\" itemtype=\"https:\/\/schema.org\/CreativeWork\" ><div class=\"iconbox_content\"><header class=\"entry-content-header\"><div class=\"iconbox_icon heading-color\" aria-hidden='true' data-av_icon='\ue80b' data-av_iconfont='entypo-fontello'  style='background-color:#eeee22; border:1px solid #ffffff; color:#898989; ' ><\/div><h3 class='iconbox_content_title  '  itemprop=\"headline\"   style='color:#7c7c7c; '>Pr\u00e9sentation des \u00e9ducateurs sportifs intervenant sur les animations<\/h3><\/header><div class='iconbox_content_container av_inherit_color '  itemprop=\"text\"   style='color:#3a3938; '><p><img loading=\"lazy\" decoding=\"async\" class=\"alignnone wp-image-192 \" src=\"https:\/\/www.sivomdes3vallees.fr\/wp-content\/uploads\/swimming-78112_960_720-1024x681.jpg\" alt=\"\" width=\"462\" height=\"307\" srcset=\"https:\/\/www.sivomdes3vallees.fr\/wp-content\/uploads\/swimming-78112_960_720.jpg 1024w, https:\/\/www.sivomdes3vallees.fr\/wp-content\/uploads\/swimming-78112_960_720-300x200.jpg 300w, https:\/\/www.sivomdes3vallees.fr\/wp-content\/uploads\/swimming-78112_960_720-768x511.jpg 768w\" sizes=\"auto, (max-width: 462px) 100vw, 462px\" \/><\/p>\n<ul>\n<li><span style=\"color: #808080;\"><strong>BAZILLE Erwan<\/strong><\/span><\/li>\n<li><span style=\"color: #808080;\"><strong>DEGRENNE Julie<\/strong><\/span><\/li>\n<\/ul>\n<\/div><\/div><footer class=\"entry-footer\"><\/footer><\/article><\/div>\n<div   class='hr hr-default   avia-builder-el-24  el_after_av_one_half  avia-builder-el-last '><span class='hr-inner ' ><span class='hr-inner-style'><\/span><\/span><\/div>\n","protected":false},"excerpt":{"rendered":"","protected":false},"author":2,"featured_media":0,"parent":35,"menu_order":40,"comment_status":"closed","ping_status":"closed","template":"","meta":{"footnotes":""},"class_list":["post-471","page","type-page","status-publish","hentry"],"_links":{"self":[{"href":"https:\/\/www.sivomdes3vallees.fr\/index.php\/wp-json\/wp\/v2\/pages\/471","targetHints":{"allow":["GET"]}}],"collection":[{"href":"https:\/\/www.sivomdes3vallees.fr\/index.php\/wp-json\/wp\/v2\/pages"}],"about":[{"href":"https:\/\/www.sivomdes3vallees.fr\/index.php\/wp-json\/wp\/v2\/types\/page"}],"author":[{"embeddable":true,"href":"https:\/\/www.sivomdes3vallees.fr\/index.php\/wp-json\/wp\/v2\/users\/2"}],"replies":[{"embeddable":true,"href":"https:\/\/www.sivomdes3vallees.fr\/index.php\/wp-json\/wp\/v2\/comments?post=471"}],"version-history":[{"count":128,"href":"https:\/\/www.sivomdes3vallees.fr\/index.php\/wp-json\/wp\/v2\/pages\/471\/revisions"}],"predecessor-version":[{"id":7956,"href":"https:\/\/www.sivomdes3vallees.fr\/index.php\/wp-json\/wp\/v2\/pages\/471\/revisions\/7956"}],"up":[{"embeddable":true,"href":"https:\/\/www.sivomdes3vallees.fr\/index.php\/wp-json\/wp\/v2\/pages\/35"}],"wp:attachment":[{"href":"https:\/\/www.sivomdes3vallees.fr\/index.php\/wp-json\/wp\/v2\/media?parent=471"}],"curies":[{"name":"wp","href":"https:\/\/api.w.org\/{rel}","templated":true}]}}