{"id":49,"date":"2018-02-28T20:51:22","date_gmt":"2018-02-28T19:51:22","guid":{"rendered":"http:\/\/www.sivomdes3vallees.fr\/?page_id=49"},"modified":"2025-08-25T11:43:45","modified_gmt":"2025-08-25T09:43:45","slug":"departement-enfance","status":"publish","type":"page","link":"https:\/\/www.sivomdes3vallees.fr\/index.php\/lecole-de-musique-et-de-danse\/departement-enfance\/","title":{"rendered":"Eveil et D\u00e9couverte"},"content":{"rendered":"<section class=\"av_textblock_section \"  itemscope=\"itemscope\" itemtype=\"https:\/\/schema.org\/CreativeWork\" ><div class='avia_textblock  '   itemprop=\"text\" ><hr \/>\n<h2 style=\"text-align: center;\"><span style=\"color: #800080;\">Eveil artistique<\/span><\/h2>\n<p>L\u2019\u00e9veil artistique a pour objectif de d\u00e9velopper la sensibilit\u00e9 des enfants, en privil\u00e9giant l\u2019activit\u00e9 sensorielle, corporelle et vocale de mani\u00e8re active et ludique. L&rsquo;interdisciplinarit\u00e9 musique et danse permettra \u00e0 l&rsquo;enfant de s&rsquo;orienter ensuite, avec davantage de pertinence, vers des \u00e9tudes chor\u00e9graphiques et\/ou musicales de son choix.<\/p>\n<p>Il se d\u00e9roule de la petite section de maternelle jusqu\u2019\u00e0 l\u2019entr\u00e9e au cours pr\u00e9paratoire.<\/p>\n<p><!-- [if !mso]>\n\n\n\n\n\n<style>\nv\\:* {behavior:url(#default#VML);}<br \/>o\\:* {behavior:url(#default#VML);}<br \/>b\\:* {behavior:url(#default#VML);}<br \/>.shape {behavior:url(#default#VML);}<br \/><\/style>\n\n\n\n<![endif]--><!-- [if pub]><xml>\n<b:Publication type=\"OplPub\" oty=\"68\" oh=\"256\">\n<b:OhPrintBlock priv=\"30E\">281<\/b:OhPrintBlock>\n<b:NuDefaultUnits priv=\"1004\">1<\/b:NuDefaultUnits>\n<b:DptlPageDimensions type=\"OplPt\" priv=\"1211\">\n<b:Xl priv=\"104\">7560000<\/b:Xl>\n<b:Yl priv=\"204\">10692000<\/b:Yl>\n<\/b:DptlPageDimensions>\n<b:DxlDefaultTab priv=\"1504\">359410<\/b:DxlDefaultTab>\n<b:OhGallery priv=\"180E\">259<\/b:OhGallery>\n<b:OhFancyBorders priv=\"190E\">261<\/b:OhFancyBorders>\n<b:OhCaptions priv=\"1A0E\">257<\/b:OhCaptions>\n<b:OhQuillDoc priv=\"200E\">276<\/b:OhQuillDoc>\n<b:OhMailMergeData priv=\"210E\">262<\/b:OhMailMergeData>\n<b:OhColorScheme priv=\"220E\">279<\/b:OhColorScheme>\n<b:DwNextUniqueOid priv=\"2304\">1<\/b:DwNextUniqueOid>\n<b:IdentGUID priv=\"2A07\">0``````````````````````<\/b:IdentGUID>\n<b:DpgSpecial priv=\"2C03\">5<\/b:DpgSpecial>\n<b:CTimesEdited priv=\"3C04\">1<\/b:CTimesEdited>\n<b:NuDefaultUnitsEx priv=\"4104\">1<\/b:NuDefaultUnitsEx>\n<b:OhImpositionEngine priv=\"440E\">285<\/b:OhImpositionEngine>\n<\/b:Publication>\n<b:PrinterInfo type=\"OplPrb\" oty=\"75\" oh=\"281\">\n<b:OhColorSepBlock priv=\"30E\">282<\/b:OhColorSepBlock>\n<b:OpmOutsidePrintMode priv=\"B04\">1<\/b:OpmOutsidePrintMode>\n<b:FInitComplete priv=\"1400\">False<\/b:FInitComplete>\n<b:DpiX priv=\"2203\">0<\/b:DpiX>\n<b:DpiY priv=\"2303\">0<\/b:DpiY>\n<b:DxlOverlap priv=\"2404\">0<\/b:DxlOverlap>\n<b:DylOverlap priv=\"2504\">0<\/b:DylOverlap>\n<\/b:PrinterInfo>\n<b:ColorSeperationInfo type=\"OplCsb\" oty=\"79\" oh=\"282\">\n<b:Plates type=\"OplCsp\" priv=\"214\">\n<b:OplCsp type=\"OplCsp\" priv=\"11\">\n<b:EcpPlate type=\"OplEcp\" priv=\"213\">\n<b:Color priv=\"104\">-1<\/b:Color>\n<\/b:EcpPlate>\n<\/b:OplCsp>\n<\/b:Plates>\n<b:DzlOverprintMost priv=\"304\">304800<\/b:DzlOverprintMost>\n<b:CprOverprintMin priv=\"404\">243<\/b:CprOverprintMin>\n<b:FKeepawayTrap priv=\"700\">True<\/b:FKeepawayTrap>\n<b:CprTrapMin1 priv=\"904\">128<\/b:CprTrapMin1>\n<b:CprTrapMin2 priv=\"A04\">77<\/b:CprTrapMin2>\n<b:CprKeepawayMin priv=\"B04\">255<\/b:CprKeepawayMin>\n<b:DzlTrap priv=\"C04\">3175<\/b:DzlTrap>\n<b:DzlIndTrap priv=\"D04\">3175<\/b:DzlIndTrap>\n<b:PctCenterline priv=\"E04\">70<\/b:PctCenterline>\n<b:FMarksRegistration priv=\"F00\">True<\/b:FMarksRegistration>\n<b:FMarksJob priv=\"1000\">True<\/b:FMarksJob>\n<b:FMarksDensity priv=\"1100\">True<\/b:FMarksDensity>\n<b:FMarksColor priv=\"1200\">True<\/b:FMarksColor>\n<b:FLineScreenDefault priv=\"1300\">True<\/b:FLineScreenDefault>\n<\/b:ColorSeperationInfo>\n<b:TextDocProperties type=\"OplDocq\" oty=\"91\" oh=\"276\">\n<b:OhPlcqsb priv=\"20E\">278<\/b:OhPlcqsb>\n<b:EcpSplitMenu type=\"OplEcp\" priv=\"A13\">\n<b:Color>134217728<\/b:Color>\n<\/b:EcpSplitMenu>\n<\/b:TextDocProperties>\n<b:StoryBlock type=\"OplPlcQsb\" oty=\"101\" oh=\"278\">\n<b:IqsbMax priv=\"104\">1<\/b:IqsbMax>\n<b:Rgqsb type=\"OplQsb\" priv=\"214\">\n<b:OplQsb type=\"OplQsb\" priv=\"11\">\n<b:Qsid priv=\"104\">1<\/b:Qsid>\n<b:TomfCopyfitBase priv=\"80B\">-9999996.000000<\/b:TomfCopyfitBase>\n<b:TomfCopyfitBase2 priv=\"90B\">-9999996.000000<\/b:TomfCopyfitBase2>\n<\/b:OplQsb>\n<\/b:Rgqsb>\n<\/b:StoryBlock>\n<b:ColorScheme type=\"OplSccm\" oty=\"92\" oh=\"279\">\n<b:Cecp priv=\"104\">8<\/b:Cecp>\n<b:Rgecp type=\"OplEcp\" priv=\"214\">\n<b:OplEcp priv=\"F\">Empty<\/b:OplEcp>\n<b:OplEcp type=\"OplEcp\" priv=\"111\">\n<b:Color>16711680<\/b:Color>\n<\/b:OplEcp>\n<b:OplEcp type=\"OplEcp\" priv=\"211\">\n<b:Color>52479<\/b:Color>\n<\/b:OplEcp>\n<b:OplEcp type=\"OplEcp\" priv=\"311\">\n<b:Color>26367<\/b:Color>\n<\/b:OplEcp>\n<b:OplEcp type=\"OplEcp\" priv=\"411\">\n<b:Color>13421772<\/b:Color>\n<\/b:OplEcp>\n<b:OplEcp type=\"OplEcp\" priv=\"511\">\n<b:Color>16737792<\/b:Color>\n<\/b:OplEcp>\n<b:OplEcp type=\"OplEcp\" priv=\"611\">\n<b:Color>13382502<\/b:Color>\n<\/b:OplEcp>\n<b:OplEcp type=\"OplEcp\" priv=\"711\">\n<b:Color>16777215<\/b:Color>\n<\/b:OplEcp>\n<\/b:Rgecp>\n<b:SzSchemeName priv=\"618\">Rouge-gorge bleu<\/b:SzSchemeName>\n<\/b:ColorScheme>\n<![if pub11]>\n<![endif]>\n<\/xml><![endif]--><!-- [if pub]><xml>\n<b:Page type=\"OplPd\" oty=\"67\" oh=\"265\">\n<b:PtlvOrigin type=\"OplPt\" priv=\"511\">\n<b:Xl>22858575<\/b:Xl>\n<b:Yl>22852950<\/b:Yl>\n<\/b:PtlvOrigin>\n<b:Oid priv=\"605\">(`@`````````<\/b:Oid>\n<b:OhoplWebPageProps priv=\"90E\">266<\/b:OhoplWebPageProps>\n<b:OhpdMaster priv=\"D0D\">263<\/b:OhpdMaster>\n<b:PgtType priv=\"1004\">5<\/b:PgtType>\n<b:PtlvOriginEx type=\"OplPt\" priv=\"1111\">\n<b:Xl>110183775<\/b:Xl>\n<b:Yl>110178150<\/b:Yl>\n<\/b:PtlvOriginEx>\n<\/b:Page>\n<\/xml><![endif]--><!-- [if gte mso 9]><xml>\n<o:shapedefaults v:ext=\"edit\" spidmax=\"3075\" fill=\"f\" fillcolor=\"white [7]\" strokecolor=\"black [0]\">\n<v:fill color=\"white [7]\" color2=\"white [7]\" on=\"f\"\/>\n<v:stroke color=\"black [0]\" color2=\"white [7]\">\n<o:left v:ext=\"view\" color=\"black [0]\" color2=\"white [7]\"\/>\n<o:top v:ext=\"view\" color=\"black [0]\" color2=\"white [7]\"\/>\n<o:right v:ext=\"view\" color=\"black [0]\" color2=\"white [7]\"\/>\n<o:bottom v:ext=\"view\" color=\"black [0]\" color2=\"white [7]\"\/>\n<o:column v:ext=\"view\" color=\"black [0]\" color2=\"white [7]\"\/>\n<\/v:stroke>\n<v:shadow color=\"#ccc [4]\"\/>\n<v:textbox inset=\"2.88pt,2.88pt,2.88pt,2.88pt\"\/>\n<o:colormenu v:ext=\"edit\" fillcolor=\"blue [1]\" strokecolor=\"black [0]\" shadowcolor=\"#ccc [4]\"\/>\n<\/o:shapedefaults><o:shapelayout v:ext=\"edit\">\n<o:idmap v:ext=\"edit\" data=\"1\"\/>\n<\/o:shapelayout><\/xml><![endif]--><\/p>\n<p class=\"MsoNormal\" style=\"mso-pagination: none;\"><span lang=\"fr\" style=\"language: fr; mso-ansi-language: fr;\">Eveil artistique musique <\/span><span lang=\"fr\" style=\"font-size: 9.0pt; font-style: italic; language: fr; mso-ansi-language: fr;\">(petite section de maternelle)<\/span><\/p>\n<p class=\"MsoNormal\" style=\"mso-pagination: none;\"><span lang=\"fr\" style=\"language: fr; mso-ansi-language: fr;\">Eveil artistique musique et\/ou danse <\/span><span lang=\"fr\" style=\"font-size: 9.0pt; font-style: italic; language: fr; mso-ansi-language: fr;\">(de la moyenne section de maternelle au CP)<\/span><\/p>\n<h2 style=\"text-align: center;\"><span style=\"color: #800080;\">Parcours D\u00e9couverte Musique<\/span><\/h2>\n<p class=\"MsoNormal\" style=\"mso-pagination: none;\"><span lang=\"fr\" style=\"language: fr;\">\u00a0Le parcours d\u00e9couverte Musique est un dispositif permettant \u00e0 l&rsquo;enfant de d\u00e9couvrir 5 instruments de musique durant une ann\u00e9e scolaire.\u00a0<\/span><\/p>\n<p>Durant chaque p\u00e9riode scolaire, l&rsquo;\u00e9l\u00e8ve s&rsquo;initie \u00e0 la pratique d&rsquo;un instrument enseign\u00e9 en cours collectif avec l&rsquo;enseignant sp\u00e9cialiste de l&rsquo;instrument. Une bonne occasion de faire ensuite son choix pour les ann\u00e9es \u00e0 venir !<\/p>\n<p>Un cours hebdomadaire, le mercredi.<\/p>\n<\/div><\/section>\n<div  class='avia-button-wrap avia-button-center  avia-builder-el-1  el_after_av_textblock  avia-builder-el-last ' ><a href='http:\/\/facebook.com\/conservatoire3vallees'  class='avia-button  avia-color-blue   avia-icon_select-yes-left-icon avia-size-x-large avia-position-center '   ><span class='avia_button_icon avia_button_icon_left ' aria-hidden='true' data-av_icon='\ue8f5' data-av_iconfont='entypo-fontello'><\/span><span class='avia_iconbox_title' >Facebook<\/span><\/a><\/div>\n","protected":false},"excerpt":{"rendered":"","protected":false},"author":4,"featured_media":140,"parent":15,"menu_order":6,"comment_status":"closed","ping_status":"closed","template":"","meta":{"footnotes":""},"class_list":["post-49","page","type-page","status-publish","has-post-thumbnail","hentry"],"_links":{"self":[{"href":"https:\/\/www.sivomdes3vallees.fr\/index.php\/wp-json\/wp\/v2\/pages\/49","targetHints":{"allow":["GET"]}}],"collection":[{"href":"https:\/\/www.sivomdes3vallees.fr\/index.php\/wp-json\/wp\/v2\/pages"}],"about":[{"href":"https:\/\/www.sivomdes3vallees.fr\/index.php\/wp-json\/wp\/v2\/types\/page"}],"author":[{"embeddable":true,"href":"https:\/\/www.sivomdes3vallees.fr\/index.php\/wp-json\/wp\/v2\/users\/4"}],"replies":[{"embeddable":true,"href":"https:\/\/www.sivomdes3vallees.fr\/index.php\/wp-json\/wp\/v2\/comments?post=49"}],"version-history":[{"count":15,"href":"https:\/\/www.sivomdes3vallees.fr\/index.php\/wp-json\/wp\/v2\/pages\/49\/revisions"}],"predecessor-version":[{"id":7314,"href":"https:\/\/www.sivomdes3vallees.fr\/index.php\/wp-json\/wp\/v2\/pages\/49\/revisions\/7314"}],"up":[{"embeddable":true,"href":"https:\/\/www.sivomdes3vallees.fr\/index.php\/wp-json\/wp\/v2\/pages\/15"}],"wp:featuredmedia":[{"embeddable":true,"href":"https:\/\/www.sivomdes3vallees.fr\/index.php\/wp-json\/wp\/v2\/media\/140"}],"wp:attachment":[{"href":"https:\/\/www.sivomdes3vallees.fr\/index.php\/wp-json\/wp\/v2\/media?parent=49"}],"curies":[{"name":"wp","href":"https:\/\/api.w.org\/{rel}","templated":true}]}}