{"id":7052,"date":"2025-06-02T15:13:24","date_gmt":"2025-06-02T13:13:24","guid":{"rendered":"https:\/\/www.sivomdes3vallees.fr\/?page_id=7052"},"modified":"2025-08-26T14:30:04","modified_gmt":"2025-08-26T12:30:04","slug":"soutenir-le-conservatoire-mecenat-culturel","status":"publish","type":"page","link":"https:\/\/www.sivomdes3vallees.fr\/index.php\/soutenir-le-conservatoire-mecenat-culturel\/","title":{"rendered":"Soutenir le Conservatoire &#8211; M\u00e9c\u00e9nat Culturel"},"content":{"rendered":"<section class=\"av_textblock_section \"  itemscope=\"itemscope\" itemtype=\"https:\/\/schema.org\/CreativeWork\" ><div class='avia_textblock  '   itemprop=\"text\" ><p><img loading=\"lazy\" decoding=\"async\" class=\" wp-image-7058 aligncenter\" src=\"https:\/\/www.sivomdes3vallees.fr\/wp-content\/uploads\/pexels-fauxels-3184465-300x200.jpg\" alt=\"\" width=\"356\" height=\"237\" srcset=\"https:\/\/www.sivomdes3vallees.fr\/wp-content\/uploads\/pexels-fauxels-3184465-300x200.jpg 300w, https:\/\/www.sivomdes3vallees.fr\/wp-content\/uploads\/pexels-fauxels-3184465-1024x683.jpg 1024w, https:\/\/www.sivomdes3vallees.fr\/wp-content\/uploads\/pexels-fauxels-3184465-768x512.jpg 768w, https:\/\/www.sivomdes3vallees.fr\/wp-content\/uploads\/pexels-fauxels-3184465-1536x1024.jpg 1536w, https:\/\/www.sivomdes3vallees.fr\/wp-content\/uploads\/pexels-fauxels-3184465-2048x1365.jpg 2048w, https:\/\/www.sivomdes3vallees.fr\/wp-content\/uploads\/pexels-fauxels-3184465-1500x1000.jpg 1500w, https:\/\/www.sivomdes3vallees.fr\/wp-content\/uploads\/pexels-fauxels-3184465-705x470.jpg 705w\" sizes=\"auto, (max-width: 356px) 100vw, 356px\" \/><\/p>\n<p><strong>Vous souhaitez soutenir un \u00e9tablissement culturel m\u00ealant enseignement artistique, cr\u00e9ation et diffusion musicale et chor\u00e9graphique, vous \u00eates au bon endroit !<\/strong><\/p>\n<p>Ouvert durant les ann\u00e9es 1970, dans un bassin ouvrier charg\u00e9 d&rsquo;histoire, le Conservatoire du SIVOM des Trois Vall\u00e9es est un \u00e9tablissement d&rsquo;enseignement artistique rayonnant sur cinq communes (Colombelles, Cormelles le Royal, Cuverville, Giberville et Mondeville). Chaque ann\u00e9e, il accueille environ 450 \u00e9l\u00e8ves en musique et en danse, intervient dans diff\u00e9rentes structures scolaires et \u00e9ducatives (2000 \u00e9l\u00e8ves touch\u00e9s par un de nos dispositifs chaque ann\u00e9e) et organise entre 40 et 50 \u00e9v\u00e8nements ouverts au public.<\/p>\n<p>Soutenir le Conservatoire du SIVOM des Trois Vall\u00e9es, c&rsquo;est participer au d\u00e9veloppement et \u00e0 la consolidation de son offre p\u00e9dagogique mais \u00e9galement favoriser l&rsquo;ouverture vers de nouvelles pratiques artistiques.<\/p>\n<p>Le recours au m\u00e9c\u00e9nat culturel peut permettre l&rsquo;achat d&rsquo;instruments de musique, l&rsquo;organisation de projets de cr\u00e9ation et de diffusion, insuffler des projets de r\u00e9novation des locaux, etc.<\/p>\n<p><strong>Vous souhaitez faire partie de l&rsquo;aventure, soutenir les projets artistiques d&rsquo;une \u00e9quipe de 25 artistes-enseignants, alors foncez !<\/strong><\/p>\n<\/div><\/section>\n<div   class='hr hr-default   avia-builder-el-1  el_after_av_textblock  el_before_av_icongrid '><span class='hr-inner ' ><span class='hr-inner-style'><\/span><\/span><\/div>\n<div  class='avia-icon-grid-container    avia-builder-el-2  el_after_av_hr  el_before_av_hr '><ul id='avia-icongrid-6a048cbaf17c0' class='clearfix avia-icongrid avia-icongrid-flipbox avia-icongrid-numrow-3 avia-icongrid-borders-between avia_animate_when_almost_visible' >\n<li><a href='https:\/\/www.sivomdes3vallees.fr\/?p=7076&amp;preview=true' title='Particuliers'  class='avia-icongrid-wrapper' ><article  class=\"article-icon-entry av-icongrid-empty\"  itemscope=\"itemscope\" itemtype=\"https:\/\/schema.org\/CreativeWork\" ><div class='avia-icongrid-front' ><div class='avia-icongrid-inner'><div  class='avia-icongrid-icon  avia-font-entypo-fontello'><span class='icongrid-char ' aria-hidden='true' data-av_icon='\ue80a' data-av_iconfont='entypo-fontello'><\/span><\/div><header class=\"entry-content-header\"><h4 class='av_icongrid_title icongrid_title  '  itemprop=\"headline\"  >Particuliers<\/h4><h6 class='av_icongrid_subtitle icongrid_subtitle '  >cliquez ici !<\/h6><\/header><\/div><\/div><div class='avia-icongrid-content' ><div class='avia-icongrid-inner' ><div class='avia-icongrid-text '  itemprop=\"text\" ><\/div><\/div><\/div><\/article><\/a><\/li>\n<li><a href='https:\/\/www.sivomdes3vallees.fr\/index.php\/2025\/06\/03\/entreprises\/' title='Entreprises'  class='avia-icongrid-wrapper' ><article  class=\"article-icon-entry av-icongrid-empty\"  itemscope=\"itemscope\" itemtype=\"https:\/\/schema.org\/CreativeWork\" ><div class='avia-icongrid-front' ><div class='avia-icongrid-inner'><div  class='avia-icongrid-icon  avia-font-entypo-fontello'><span class='icongrid-char ' aria-hidden='true' data-av_icon='\ue8bc' data-av_iconfont='entypo-fontello'><\/span><\/div><header class=\"entry-content-header\"><h4 class='av_icongrid_title icongrid_title  '  itemprop=\"headline\"  >Entreprises<\/h4><h6 class='av_icongrid_subtitle icongrid_subtitle '  >cliquez ici !<\/h6><\/header><\/div><\/div><div class='avia-icongrid-content' ><div class='avia-icongrid-inner' ><div class='avia-icongrid-text '  itemprop=\"text\" ><\/div><\/div><\/div><\/article><\/a><\/li>\n<li><a href='https:\/\/www.sivomdes3vallees.fr\/wp-content\/uploads\/Mecenat-livret-de-presentation.pdf' title='Livret de pr\u00e9sentation - M\u00e9c\u00e9nat Culturel'  class='avia-icongrid-wrapper' ><article  class=\"article-icon-entry av-icongrid-empty\"  itemscope=\"itemscope\" itemtype=\"https:\/\/schema.org\/CreativeWork\" ><div class='avia-icongrid-front' ><div class='avia-icongrid-inner'><div  class='avia-icongrid-icon  avia-font-entypo-fontello'><span class='icongrid-char ' aria-hidden='true' data-av_icon='\ue84e' data-av_iconfont='entypo-fontello'><\/span><\/div><header class=\"entry-content-header\"><h4 class='av_icongrid_title icongrid_title  '  itemprop=\"headline\"  >Livret de pr\u00e9sentation - M\u00e9c\u00e9nat Culturel<\/h4><h6 class='av_icongrid_subtitle icongrid_subtitle '  >Consulter<\/h6><\/header><\/div><\/div><div class='avia-icongrid-content' ><div class='avia-icongrid-inner' ><div class='avia-icongrid-text '  itemprop=\"text\" ><\/div><\/div><\/div><\/article><\/a><\/li>\n<\/ul><\/div>\n<div   class='hr hr-default   avia-builder-el-3  el_after_av_icongrid  el_before_av_textblock '><span class='hr-inner ' ><span class='hr-inner-style'><\/span><\/span><\/div>\n<section class=\"av_textblock_section \"  itemscope=\"itemscope\" itemtype=\"https:\/\/schema.org\/CreativeWork\" ><div class='avia_textblock  '   itemprop=\"text\" ><p><strong>Contact :<\/strong><\/p>\n<p>Florentin MOREL (directeur du Conservatoire du SIVOM des Trois Vall\u00e9es &#8211; r\u00e9f\u00e9rent m\u00e9c\u00e9nat culturel)<\/p>\n<p>06 80 99 49 51 &#8211; florentin.morel@sivomdes3vallees.fr<\/p>\n<\/div><\/section>\n","protected":false},"excerpt":{"rendered":"","protected":false},"author":4,"featured_media":0,"parent":0,"menu_order":0,"comment_status":"closed","ping_status":"closed","template":"","meta":{"footnotes":""},"class_list":["post-7052","page","type-page","status-publish","hentry"],"_links":{"self":[{"href":"https:\/\/www.sivomdes3vallees.fr\/index.php\/wp-json\/wp\/v2\/pages\/7052","targetHints":{"allow":["GET"]}}],"collection":[{"href":"https:\/\/www.sivomdes3vallees.fr\/index.php\/wp-json\/wp\/v2\/pages"}],"about":[{"href":"https:\/\/www.sivomdes3vallees.fr\/index.php\/wp-json\/wp\/v2\/types\/page"}],"author":[{"embeddable":true,"href":"https:\/\/www.sivomdes3vallees.fr\/index.php\/wp-json\/wp\/v2\/users\/4"}],"replies":[{"embeddable":true,"href":"https:\/\/www.sivomdes3vallees.fr\/index.php\/wp-json\/wp\/v2\/comments?post=7052"}],"version-history":[{"count":14,"href":"https:\/\/www.sivomdes3vallees.fr\/index.php\/wp-json\/wp\/v2\/pages\/7052\/revisions"}],"predecessor-version":[{"id":7318,"href":"https:\/\/www.sivomdes3vallees.fr\/index.php\/wp-json\/wp\/v2\/pages\/7052\/revisions\/7318"}],"wp:attachment":[{"href":"https:\/\/www.sivomdes3vallees.fr\/index.php\/wp-json\/wp\/v2\/media?parent=7052"}],"curies":[{"name":"wp","href":"https:\/\/api.w.org\/{rel}","templated":true}]}}